{"id":2729,"date":"2022-06-28T13:40:35","date_gmt":"2022-06-28T13:40:35","guid":{"rendered":"https:\/\/akutvakfi.org.tr\/about-us\/message-from-the-president\/"},"modified":"2023-02-08T14:31:29","modified_gmt":"2023-02-08T14:31:29","slug":"message-from-the-president","status":"publish","type":"page","link":"https:\/\/akutvakfi.org.tr\/en\/about-us\/message-from-the-president\/","title":{"rendered":"Message from the President"},"content":{"rendered":"\t\t<div data-elementor-type=\"wp-page\" data-elementor-id=\"2729\" class=\"elementor elementor-2729 elementor-460\" data-elementor-settings=\"{&quot;ha_cmc_init_switcher&quot;:&quot;no&quot;}\" data-elementor-post-type=\"page\">\n\t\t\t\t\t\t<section class=\"elementor-section elementor-top-section elementor-element elementor-element-7f6eaf87 elementor-section-height-min-height elementor-section-content-middle elementor-section-boxed elementor-section-height-default elementor-section-items-middle\" data-id=\"7f6eaf87\" data-element_type=\"section\" data-settings=\"{&quot;background_background&quot;:&quot;classic&quot;,&quot;_ha_eqh_enable&quot;:false}\">\n\t\t\t\t\t\t<div class=\"elementor-container elementor-column-gap-default\">\n\t\t\t\t\t<div class=\"elementor-column elementor-col-100 elementor-top-column elementor-element elementor-element-1a106a45\" data-id=\"1a106a45\" data-element_type=\"column\">\n\t\t\t<div class=\"elementor-widget-wrap elementor-element-populated\">\n\t\t\t\t\t\t<div class=\"elementor-element elementor-element-794f6a12 elementor-widget elementor-widget-heading\" data-id=\"794f6a12\" data-element_type=\"widget\" data-widget_type=\"heading.default\">\n\t\t\t\t<div class=\"elementor-widget-container\">\n\t\t\t\t\t<h2 class=\"elementor-heading-title elementor-size-default\">Message from the President<\/h2>\t\t\t\t<\/div>\n\t\t\t\t<\/div>\n\t\t\t\t\t<\/div>\n\t\t<\/div>\n\t\t\t\t\t<\/div>\n\t\t<\/section>\n\t\t\t\t<section class=\"elementor-section elementor-top-section elementor-element elementor-element-6475fd92 elementor-section-boxed elementor-section-height-default elementor-section-height-default\" data-id=\"6475fd92\" data-element_type=\"section\" data-settings=\"{&quot;_ha_eqh_enable&quot;:false}\">\n\t\t\t\t\t\t<div class=\"elementor-container elementor-column-gap-default\">\n\t\t\t\t\t<div class=\"elementor-column elementor-col-50 elementor-top-column elementor-element elementor-element-e6db6a8\" data-id=\"e6db6a8\" data-element_type=\"column\">\n\t\t\t<div class=\"elementor-widget-wrap\">\n\t\t\t\t\t\t\t<\/div>\n\t\t<\/div>\n\t\t\t\t<div class=\"elementor-column elementor-col-50 elementor-top-column elementor-element elementor-element-367997c8\" data-id=\"367997c8\" data-element_type=\"column\">\n\t\t\t<div class=\"elementor-widget-wrap elementor-element-populated\">\n\t\t\t\t\t\t<div class=\"elementor-element elementor-element-5fc56d9e elementor-widget elementor-widget-heading\" data-id=\"5fc56d9e\" data-element_type=\"widget\" data-widget_type=\"heading.default\">\n\t\t\t\t<div class=\"elementor-widget-container\">\n\t\t\t\t\t<h2 class=\"elementor-heading-title elementor-size-default\">Message from the President<\/h2>\t\t\t\t<\/div>\n\t\t\t\t<\/div>\n\t\t\t\t<div class=\"elementor-element elementor-element-78908a05 elementor-widget__width-initial elementor-widget elementor-widget-text-editor\" data-id=\"78908a05\" data-element_type=\"widget\" data-widget_type=\"text-editor.default\">\n\t\t\t\t<div class=\"elementor-widget-container\">\n\t\t\t\t\t\t\t\t\t<p class=\"MsoNormal\" style=\"mso-margin-top-alt: auto; mso-margin-bottom-alt: auto; line-height: 150%;\"><span style=\"font-size: 11.0pt; line-height: 150%; mso-bidi-font-family: Calibri; mso-bidi-theme-font: minor-latin; mso-ansi-language: TR;\"><img fetchpriority=\"high\" decoding=\"async\" class=\"alignnone size-medium wp-image-1507\" src=\"https:\/\/akutvakfi.org.tr\/wp-content\/uploads\/2022\/08\/Adsiz-1-300x271.png\" alt=\"\" width=\"300\" height=\"271\"><\/span><\/p>\n<p class=\"MsoNormal\" style=\"mso-margin-top-alt: auto; mso-margin-bottom-alt: auto; line-height: 150%;\"><span style=\"font-size: 11.0pt; line-height: 150%;\">Hello,<\/span><\/p><p class=\"MsoNormal\" style=\"mso-margin-top-alt: auto; mso-margin-bottom-alt: auto; line-height: 150%;\"><span style=\"font-size: 11.0pt; line-height: 150%;\">AKUT Foundation continues its disaster and emergency management-oriented risk reduction efforts through trainings, seminars and drills.<\/span><span style=\"font-size: 11.0pt; line-height: 150%; mso-ansi-language: TR;\">erek <\/span><span style=\"font-size: 11.0pt; line-height: 150%; mso-bidi-font-family: Calibri; mso-bidi-theme-font: minor-latin; mso-ansi-language: TR;\">was founded in 2011 by volunteers to carry out community awareness-raising activities and develop various social responsibility projects. <\/span> <\/p>\n<p class=\"MsoNormal\" style=\"mso-margin-top-alt: auto; mso-margin-bottom-alt: auto; line-height: 150%;\"><span style=\"font-size: 11.0pt; line-height: 150%; mso-bidi-font-family: Calibri; mso-bidi-theme-font: minor-latin; mso-ansi-language: TR;\">Turkey, almost all of whose territory is located on fault lines, ranks 6th in the world in the frequency of earthquakes of 5.5 and above on the Richter scale. in order. Annual loss of life due to disasters 3rd place, loss of life per population We are in 4th place. Unfortunately, our country is in a very dangerous position, especially in terms of earthquake damages. Therefore, the fight against disasters and earthquakes must be carried out collectively and by mobilizing all means and capabilities together. <\/span><span style=\"font-size: 11pt; line-height: 150%; color: black; background-image: initial; background-position: initial; background-size: initial; background-repeat: initial; background-attachment: initial; background-origin: initial; background-clip: initial;\">&nbsp;<\/span><\/p>\n<p class=\"MsoNormal\" style=\"mso-margin-top-alt: auto; mso-margin-bottom-alt: auto; line-height: 150%;\"><span style=\"font-size: 11.0pt; line-height: 150%; mso-bidi-font-family: Calibri; mso-bidi-theme-font: minor-latin; mso-ansi-language: TR;\">Responsibility for disaster risks cannot be seen as state-centered alone. The fight against disasters should be multi-centered and multi-actor; it should be brought down to the neighborhood and even to the individual, <\/span><span style=\"font-size: 11pt; line-height: 150%; color: black; background-image: initial; background-position: initial; background-size: initial; background-repeat: initial; background-attachment: initial; background-origin: initial; background-clip: initial;\">a culture of &#8220;safe living&#8221;<\/span> <span style=\"font-size: 11pt; line-height: 150%; color: black; background-image: initial; background-position: initial; background-size: initial; background-repeat: initial; background-attachment: initial; background-origin: initial; background-clip: initial;\">spread to the base<\/span><span style=\"font-size: 11pt; line-height: 150%; color: black; background-image: initial; background-position: initial; background-size: initial; background-repeat: initial; background-attachment: initial; background-origin: initial; background-clip: initial;\">and it should be internalized by the whole society. <\/span> <span style=\"font-size: 11.0pt; line-height: 150%; mso-bidi-font-family: Calibri; mso-bidi-theme-font: minor-latin; mso-ansi-language: TR;\">After all, when the day comes, everyone, to a greater or lesser extent, will be one of those affected by the disaster. Involving as many stakeholders as possible in disaster management means more communication and information sharing, more efficiency and development. The contemporary approach to disaster management is primarily the idea that disasters are local first. Therefore, strong local administrations against disasters and educated, conscious, organized local people who take responsibility are among the most important elements that make a difference both in risk reduction and in creating a disaster-resilient society. Societies formed by educated and disaster-aware citizens are more resilient against disasters and their damages. As AKUT Foundation, we continue our disaster trainings on every platform to ensure that our citizens have disaster awareness. <\/span><\/p>\n<p class=\"MsoNormal\" style=\"mso-margin-top-alt: auto; mso-margin-bottom-alt: auto; line-height: 150%;\"><span style=\"font-size: 11.0pt; line-height: 150%; mso-bidi-font-family: Calibri; mso-bidi-theme-font: minor-latin; mso-ansi-language: TR;\">It should not be forgotten that the best way to combat disasters is together and consciously. Again, this struggle must start before disasters and disaster damages happen to us. <\/span><\/p>\n<p class=\"MsoNormal\" style=\"mso-margin-top-alt: auto; mso-margin-bottom-alt: auto; line-height: 150%;\"><span style=\"font-size: 11.0pt; line-height: 150%; mso-bidi-font-family: Calibri; mso-bidi-theme-font: minor-latin; mso-ansi-language: TR;\">We hope that you will consider your visit to this page today as the beginning of your individual contributions to become more responsible and more aware of disasters and emergencies for yourself, your loved ones and our country, and that you will support us, your family members, in our almost 30-year &#8220;civil society&#8221; journey to prevent the loss of life due to preventable causes. <\/span><\/p>\n<p class=\"MsoNormal\" style=\"mso-margin-top-alt: auto; mso-margin-bottom-alt: auto; line-height: 150%;\"><span style=\"font-size: 11.0pt; line-height: 150%; mso-bidi-font-family: Calibri; mso-bidi-theme-font: minor-latin; mso-ansi-language: TR;\">With our love,<br><br><\/span><\/p>\n<p class=\"MsoNormal\" style=\"mso-margin-top-alt: auto; mso-margin-bottom-alt: auto; line-height: 150%;\"><b><span style=\"font-size: 11.0pt; line-height: 150%; mso-bidi-font-family: Calibri; mso-bidi-theme-font: minor-latin; mso-ansi-language: TR;\">Ali Nasuh MAHRUKI<br>AKUT FOUNDATION PRESIDENT<\/span><\/b><\/p>\n<p><b><\/b><b><\/b><\/p>\t\t\t\t\t\t\t\t<\/div>\n\t\t\t\t<\/div>\n\t\t\t\t\t<\/div>\n\t\t<\/div>\n\t\t\t\t\t<\/div>\n\t\t<\/section>\n\t\t\t\t<\/div>\n\t\t","protected":false},"excerpt":{"rendered":"<p>Tarih\u00e7emiz Ba\u015fkan\u2019\u0131n Mesaj\u0131 Vak\u0131f Senedi Vizyon-Misyon De\u011ferlerimiz Ekibimiz Birimler \u0130dari Kurullar M\u00fctevelli Heyeti \u0130\u015f Birli\u011fi Yap\u0131lan Kurumlar Ba\u011f\u0131\u015f\u00e7\u0131 Beyannamesi S\u0131k\u00e7a Sorulan Sorular Hello, AKUT Foundation continues its disaster and emergency management-oriented risk reduction efforts through trainings, seminars and drills.erek was founded in 2011 by volunteers to carry out community awareness-raising activities and develop various social [&hellip;]<\/p>\n","protected":false},"author":2,"featured_media":0,"parent":2722,"menu_order":0,"comment_status":"closed","ping_status":"closed","template":"","meta":{"_acf_changed":false,"footnotes":""},"class_list":["post-2729","page","type-page","status-publish","hentry"],"acf":[],"_links":{"self":[{"href":"https:\/\/akutvakfi.org.tr\/en\/wp-json\/wp\/v2\/pages\/2729","targetHints":{"allow":["GET"]}}],"collection":[{"href":"https:\/\/akutvakfi.org.tr\/en\/wp-json\/wp\/v2\/pages"}],"about":[{"href":"https:\/\/akutvakfi.org.tr\/en\/wp-json\/wp\/v2\/types\/page"}],"author":[{"embeddable":true,"href":"https:\/\/akutvakfi.org.tr\/en\/wp-json\/wp\/v2\/users\/2"}],"replies":[{"embeddable":true,"href":"https:\/\/akutvakfi.org.tr\/en\/wp-json\/wp\/v2\/comments?post=2729"}],"version-history":[{"count":1,"href":"https:\/\/akutvakfi.org.tr\/en\/wp-json\/wp\/v2\/pages\/2729\/revisions"}],"predecessor-version":[{"id":2730,"href":"https:\/\/akutvakfi.org.tr\/en\/wp-json\/wp\/v2\/pages\/2729\/revisions\/2730"}],"up":[{"embeddable":true,"href":"https:\/\/akutvakfi.org.tr\/en\/wp-json\/wp\/v2\/pages\/2722"}],"wp:attachment":[{"href":"https:\/\/akutvakfi.org.tr\/en\/wp-json\/wp\/v2\/media?parent=2729"}],"curies":[{"name":"wp","href":"https:\/\/api.w.org\/{rel}","templated":true}]}}