{"id":2731,"date":"2022-06-28T14:10:19","date_gmt":"2022-06-28T14:10:19","guid":{"rendered":"https:\/\/akutvakfi.org.tr\/about-us\/units\/"},"modified":"2023-02-08T14:32:48","modified_gmt":"2023-02-08T14:32:48","slug":"units","status":"publish","type":"page","link":"https:\/\/akutvakfi.org.tr\/en\/about-us\/units\/","title":{"rendered":"Units"},"content":{"rendered":"\t\t<div data-elementor-type=\"wp-page\" data-elementor-id=\"2731\" class=\"elementor elementor-2731 elementor-515\" data-elementor-settings=\"{&quot;ha_cmc_init_switcher&quot;:&quot;no&quot;}\" data-elementor-post-type=\"page\">\n\t\t\t\t\t\t<section class=\"elementor-section elementor-top-section elementor-element elementor-element-2fe9891f elementor-section-height-min-height elementor-section-content-middle elementor-section-boxed elementor-section-height-default elementor-section-items-middle\" data-id=\"2fe9891f\" data-element_type=\"section\" data-settings=\"{&quot;background_background&quot;:&quot;classic&quot;,&quot;_ha_eqh_enable&quot;:false}\">\n\t\t\t\t\t\t<div class=\"elementor-container elementor-column-gap-default\">\n\t\t\t\t\t<div class=\"elementor-column elementor-col-100 elementor-top-column elementor-element elementor-element-641054ff\" data-id=\"641054ff\" data-element_type=\"column\">\n\t\t\t<div class=\"elementor-widget-wrap elementor-element-populated\">\n\t\t\t\t\t\t<div class=\"elementor-element elementor-element-653e2fd4 elementor-widget elementor-widget-heading\" data-id=\"653e2fd4\" data-element_type=\"widget\" data-widget_type=\"heading.default\">\n\t\t\t\t<div class=\"elementor-widget-container\">\n\t\t\t\t\t<h2 class=\"elementor-heading-title elementor-size-default\">Units<\/h2>\t\t\t\t<\/div>\n\t\t\t\t<\/div>\n\t\t\t\t\t<\/div>\n\t\t<\/div>\n\t\t\t\t\t<\/div>\n\t\t<\/section>\n\t\t\t\t<section class=\"elementor-section elementor-top-section elementor-element elementor-element-74b7ea47 elementor-section-boxed elementor-section-height-default elementor-section-height-default\" data-id=\"74b7ea47\" data-element_type=\"section\" data-settings=\"{&quot;_ha_eqh_enable&quot;:false}\">\n\t\t\t\t\t\t<div class=\"elementor-container elementor-column-gap-default\">\n\t\t\t\t\t<div class=\"elementor-column elementor-col-50 elementor-top-column elementor-element elementor-element-515b4a8\" data-id=\"515b4a8\" data-element_type=\"column\">\n\t\t\t<div class=\"elementor-widget-wrap\">\n\t\t\t\t\t\t\t<\/div>\n\t\t<\/div>\n\t\t\t\t<div class=\"elementor-column elementor-col-50 elementor-top-column elementor-element elementor-element-18c9095a\" data-id=\"18c9095a\" data-element_type=\"column\">\n\t\t\t<div class=\"elementor-widget-wrap elementor-element-populated\">\n\t\t\t\t\t\t<div class=\"elementor-element elementor-element-4dbb51f7 elementor-widget elementor-widget-heading\" data-id=\"4dbb51f7\" data-element_type=\"widget\" data-widget_type=\"heading.default\">\n\t\t\t\t<div class=\"elementor-widget-container\">\n\t\t\t\t\t<h2 class=\"elementor-heading-title elementor-size-default\">AKUT FOUNDATION UNITS<\/h2>\t\t\t\t<\/div>\n\t\t\t\t<\/div>\n\t\t\t\t<div class=\"elementor-element elementor-element-0e24668 elementor-widget elementor-widget-heading\" data-id=\"0e24668\" data-element_type=\"widget\" data-widget_type=\"heading.default\">\n\t\t\t\t<div class=\"elementor-widget-container\">\n\t\t\t\t\t<span class=\"elementor-heading-title elementor-size-default\">INFORMATION TECHNOLOGIES UNIT<\/span>\t\t\t\t<\/div>\n\t\t\t\t<\/div>\n\t\t\t\t<div class=\"elementor-element elementor-element-525a04ce elementor-widget__width-initial elementor-widget elementor-widget-text-editor\" data-id=\"525a04ce\" data-element_type=\"widget\" data-widget_type=\"text-editor.default\">\n\t\t\t\t<div class=\"elementor-widget-container\">\n\t\t\t\t\t\t\t\t\t<p>Manages the human resources structure of AKUT Foundation Information Technologies Unit.<br \/>Determines AKUT Foundation&#8217;s information technology goals. <br \/>Determines the outlines and budgets of the projects of the information technology unit.<br \/>Manages a team of consultants, programmers, developers and analysts.<br \/>Ensures and controls information security.<br \/>Provides control, security and updates of digital technologies. <br \/>Carries out digital archiving activities. <br \/>Prepares all reports related to the unit and submits them to the AKUT Foundation Board of Directors at regular intervals.<\/p>\n\t\t\t\t\t\t\t\t<\/div>\n\t\t\t\t<\/div>\n\t\t\t\t<div class=\"elementor-element elementor-element-e90614a elementor-widget elementor-widget-heading\" data-id=\"e90614a\" data-element_type=\"widget\" data-widget_type=\"heading.default\">\n\t\t\t\t<div class=\"elementor-widget-container\">\n\t\t\t\t\t<span class=\"elementor-heading-title elementor-size-default\">TRAINING UNIT\n<\/span>\t\t\t\t<\/div>\n\t\t\t\t<\/div>\n\t\t\t\t<div class=\"elementor-element elementor-element-5a4b902 elementor-widget__width-initial elementor-widget elementor-widget-text-editor\" data-id=\"5a4b902\" data-element_type=\"widget\" data-widget_type=\"text-editor.default\">\n\t\t\t\t<div class=\"elementor-widget-container\">\n\t\t\t\t\t\t\t\t\t<p>Manages the human resource structuring of AKUT Foundation Training Unit. <br \/>Determines the internal and external trainings that AKUT Foundation volunteers should receive within the scope of in-service training. AKUT Foundation prepares the contents of the trainings it will provide to its volunteers with its own staff; makes the planning; realizes the implementation. <br \/>It determines the trainings that AKUT Foundation volunteers need to receive from other organizations and the participants, and realizes the planning of the trainings. <br \/>Prepares the content of online trainings; makes the planning; realizes the implementation.<br \/>Prepares the contents of the trainings to be given outside the organization; makes the planning; realizes the implementation.<br \/>Prepares educational content within the scope of community awareness raising activities.<br \/>Prepares seminar contents within the scope of community awareness raising activities.<br \/>Provides seminars within the scope of community awareness raising activities.<br \/>Prepares all reports related to the unit and submits them to the AKUT Foundation Board of Directors at regular intervals. <\/p>\n\t\t\t\t\t\t\t\t<\/div>\n\t\t\t\t<\/div>\n\t\t\t\t<div class=\"elementor-element elementor-element-fdd1d85 elementor-widget elementor-widget-heading\" data-id=\"fdd1d85\" data-element_type=\"widget\" data-widget_type=\"heading.default\">\n\t\t\t\t<div class=\"elementor-widget-container\">\n\t\t\t\t\t<span class=\"elementor-heading-title elementor-size-default\">HUMAN RESOURCES DEPARTMENT<\/span>\t\t\t\t<\/div>\n\t\t\t\t<\/div>\n\t\t\t\t<div class=\"elementor-element elementor-element-7dcc0b6 elementor-widget__width-initial elementor-widget elementor-widget-text-editor\" data-id=\"7dcc0b6\" data-element_type=\"widget\" data-widget_type=\"text-editor.default\">\n\t\t\t\t<div class=\"elementor-widget-container\">\n\t\t\t\t\t\t\t\t\t<p>Manages the human resources structure of AKUT Foundation Human Resources Unit.<br \/>Determines the criteria for membership to AKUT Foundation.<br \/>Evaluates membership requests received by AKUT Foundation and conducts interviews with candidates.<br \/>Directs members coming to AKUT Foundation to the right unit.<br \/>AKUT Foundation analyzes the individual capabilities of its members with the Education Unit and categorizes them according to their competencies.<br \/>Manages the KVKK process.<br \/>Organizes events to improve member relations.<br \/>Prepares all reports related to the unit and submits them to the AKUT Foundation Board of Directors at regular intervals.<\/p>\n\t\t\t\t\t\t\t\t<\/div>\n\t\t\t\t<\/div>\n\t\t\t\t<div class=\"elementor-element elementor-element-07b5c64 elementor-widget elementor-widget-heading\" data-id=\"07b5c64\" data-element_type=\"widget\" data-widget_type=\"heading.default\">\n\t\t\t\t<div class=\"elementor-widget-container\">\n\t\t\t\t\t<span class=\"elementor-heading-title elementor-size-default\">RESOURCE DEVELOPMENT UNIT<\/span>\t\t\t\t<\/div>\n\t\t\t\t<\/div>\n\t\t\t\t<div class=\"elementor-element elementor-element-6ebf0c3 elementor-widget__width-initial elementor-widget elementor-widget-text-editor\" data-id=\"6ebf0c3\" data-element_type=\"widget\" data-widget_type=\"text-editor.default\">\n\t\t\t\t<div class=\"elementor-widget-container\">\n\t\t\t\t\t\t\t\t\t<p>Manages the human resource structuring of AKUT Foundation Resource Development Unit.<br \/>Manages AKUT Foundation&#8217;s in-kind donation and cash donation activities. <br \/>Negotiates with domestic and foreign institutions\/organizations in order to provide the necessary resources for AKUT Foundation to carry out its activities.<br \/>Follows new trends in fundraising. <br \/>Contributes to the feasibility study of the projects to be carried out. <br \/>Develops projects and supports the projects developed. <br \/>Contributes to the development of products\/services in the Foundation&#8217;s economic enterprise.<br \/>Prepares all reports related to the unit and submits them to the AKUT Foundation Board of Directors at regular intervals.<\/p>\n\t\t\t\t\t\t\t\t<\/div>\n\t\t\t\t<\/div>\n\t\t\t\t<div class=\"elementor-element elementor-element-17b51d7 elementor-widget elementor-widget-heading\" data-id=\"17b51d7\" data-element_type=\"widget\" data-widget_type=\"heading.default\">\n\t\t\t\t<div class=\"elementor-widget-container\">\n\t\t\t\t\t<span class=\"elementor-heading-title elementor-size-default\">CORPORATE COMMUNICATION UNIT<\/span>\t\t\t\t<\/div>\n\t\t\t\t<\/div>\n\t\t\t\t<div class=\"elementor-element elementor-element-000ca41 elementor-widget__width-initial elementor-widget elementor-widget-text-editor\" data-id=\"000ca41\" data-element_type=\"widget\" data-widget_type=\"text-editor.default\">\n\t\t\t\t<div class=\"elementor-widget-container\">\n\t\t\t\t\t\t\t\t\t<p>Manages the human resources structure of AKUT Foundation Corporate Communications Unit.<br \/>Produces social media content and manages the work.<br \/>Produces media content and manages the work.<br \/>Produces design content and manages the work.<br \/>Prepares press releases and shares them with the public.<br \/>Prepares press releases and shares them with the public.<br \/>Produces web page content and manages the work.<br \/>It represents the Foundation to all institutions\/organizations, especially public institutions, and the public.<br \/>Prepares all reports related to the unit and submits them to the AKUT Foundation Board of Directors at regular intervals.<\/p>\n\t\t\t\t\t\t\t\t<\/div>\n\t\t\t\t<\/div>\n\t\t\t\t<div class=\"elementor-element elementor-element-0fa367b elementor-widget elementor-widget-heading\" data-id=\"0fa367b\" data-element_type=\"widget\" data-widget_type=\"heading.default\">\n\t\t\t\t<div class=\"elementor-widget-container\">\n\t\t\t\t\t<span class=\"elementor-heading-title elementor-size-default\">LOGISTICS UNIT<\/span>\t\t\t\t<\/div>\n\t\t\t\t<\/div>\n\t\t\t\t<div class=\"elementor-element elementor-element-f612b39 elementor-widget__width-initial elementor-widget elementor-widget-text-editor\" data-id=\"f612b39\" data-element_type=\"widget\" data-widget_type=\"text-editor.default\">\n\t\t\t\t<div class=\"elementor-widget-container\">\n\t\t\t\t\t\t\t\t\t<p>Manages the human resource structuring of AKUT Foundation Logistics Unit.<br \/>Manages the logistics goals and responsibilities of AKUT Foundation. <br \/>Determines, realizes and controls stock inputs and outputs.<br \/>Determines the technical equipment and personal protective equipment needed by volunteers, opens a purchase request, and directs the material within the scope of the relevant project.<br \/>Decides on the content and quantity of both technical and all other humanitarian aid materials to be sent to the field in disasters and emergencies, and opens a purchase request when necessary.<br \/>Determines the criteria for in-kind donation materials. <br \/>In disasters and emergencies, it dispatches materials to the field, takes an active role in their distribution in the field, and carries out all official procedures related to material dispatch.<br \/>Prepares all reports related to the unit and submits them to the AKUT Foundation Board of Directors at regular intervals.<\/p>\n\t\t\t\t\t\t\t\t<\/div>\n\t\t\t\t<\/div>\n\t\t\t\t<div class=\"elementor-element elementor-element-d1986a9 elementor-widget elementor-widget-heading\" data-id=\"d1986a9\" data-element_type=\"widget\" data-widget_type=\"heading.default\">\n\t\t\t\t<div class=\"elementor-widget-container\">\n\t\t\t\t\t<span class=\"elementor-heading-title elementor-size-default\">FINANCIAL AND ADMINISTRATIVE AFFAIRS UNIT<\/span>\t\t\t\t<\/div>\n\t\t\t\t<\/div>\n\t\t\t\t<div class=\"elementor-element elementor-element-85c5256 elementor-widget__width-initial elementor-widget elementor-widget-text-editor\" data-id=\"85c5256\" data-element_type=\"widget\" data-widget_type=\"text-editor.default\">\n\t\t\t\t<div class=\"elementor-widget-container\">\n\t\t\t\t\t\t\t\t\t<p>Manages the human resource structure of AKUT Foundation Financial and Administrative Affairs Unit.<br \/>Prepares the payment schedule and makes payments.<br \/>Prepares a receivables calendar and monitors receivables.<br \/>Controls and supports the work of the Resource Development Unit.<br \/>Manages cash flow. <br \/>Regularly monitors compliance with budget planning.<br \/>Tracks and accounts for in-kind and cash donations of projects.<br \/>Follows the minutes of expenditures and accounts for them.<br \/>Monitors and accounts for purchases of operational expenditures.<br \/>Carries out accounting transactions and provides regular information transfer to the financial advisor.<br \/>Prepares for the audit and represents the Foundation in the audit.<br \/>Prepares all reports related to the unit and submits them to the AKUT Foundation Board of Directors at regular intervals.<\/p>\n\t\t\t\t\t\t\t\t<\/div>\n\t\t\t\t<\/div>\n\t\t\t\t\t<\/div>\n\t\t<\/div>\n\t\t\t\t\t<\/div>\n\t\t<\/section>\n\t\t\t\t<\/div>\n\t\t","protected":false},"excerpt":{"rendered":"<p>Tarih\u00e7emiz Ba\u015fkan\u2019\u0131n Mesaj\u0131 Vak\u0131f Senedi Vizyon-Misyon De\u011ferlerimiz Ekibimiz Birimler \u0130dari Kurullar M\u00fctevelli Heyeti \u0130\u015f Birli\u011fi Yap\u0131lan Kurumlar Ba\u011f\u0131\u015f\u00e7\u0131 Beyannamesi S\u0131k\u00e7a Sorulan Sorular AKUT FOUNDATION UNITS INFORMATION TECHNOLOGIES UNIT Manages the human resources structure of AKUT Foundation Information Technologies Unit.Determines AKUT Foundation&#8217;s information technology goals. Determines the outlines and budgets of the projects of the information [&hellip;]<\/p>\n","protected":false},"author":2,"featured_media":0,"parent":2722,"menu_order":0,"comment_status":"closed","ping_status":"closed","template":"","meta":{"_acf_changed":false,"footnotes":""},"class_list":["post-2731","page","type-page","status-publish","hentry"],"acf":[],"_links":{"self":[{"href":"https:\/\/akutvakfi.org.tr\/en\/wp-json\/wp\/v2\/pages\/2731","targetHints":{"allow":["GET"]}}],"collection":[{"href":"https:\/\/akutvakfi.org.tr\/en\/wp-json\/wp\/v2\/pages"}],"about":[{"href":"https:\/\/akutvakfi.org.tr\/en\/wp-json\/wp\/v2\/types\/page"}],"author":[{"embeddable":true,"href":"https:\/\/akutvakfi.org.tr\/en\/wp-json\/wp\/v2\/users\/2"}],"replies":[{"embeddable":true,"href":"https:\/\/akutvakfi.org.tr\/en\/wp-json\/wp\/v2\/comments?post=2731"}],"version-history":[{"count":1,"href":"https:\/\/akutvakfi.org.tr\/en\/wp-json\/wp\/v2\/pages\/2731\/revisions"}],"predecessor-version":[{"id":2732,"href":"https:\/\/akutvakfi.org.tr\/en\/wp-json\/wp\/v2\/pages\/2731\/revisions\/2732"}],"up":[{"embeddable":true,"href":"https:\/\/akutvakfi.org.tr\/en\/wp-json\/wp\/v2\/pages\/2722"}],"wp:attachment":[{"href":"https:\/\/akutvakfi.org.tr\/en\/wp-json\/wp\/v2\/media?parent=2731"}],"curies":[{"name":"wp","href":"https:\/\/api.w.org\/{rel}","templated":true}]}}