{"id":2733,"date":"2022-06-28T13:50:12","date_gmt":"2022-06-28T13:50:12","guid":{"rendered":"https:\/\/akutvakfi.org.tr\/about-us\/our-values\/"},"modified":"2023-02-08T14:43:06","modified_gmt":"2023-02-08T14:43:06","slug":"our-values","status":"publish","type":"page","link":"https:\/\/akutvakfi.org.tr\/en\/about-us\/our-values\/","title":{"rendered":"Our Values"},"content":{"rendered":"\t\t<div data-elementor-type=\"wp-page\" data-elementor-id=\"2733\" class=\"elementor elementor-2733 elementor-484\" data-elementor-settings=\"{&quot;ha_cmc_init_switcher&quot;:&quot;no&quot;}\" data-elementor-post-type=\"page\">\n\t\t\t\t\t\t<section class=\"elementor-section elementor-top-section elementor-element elementor-element-7aecb810 elementor-section-height-min-height elementor-section-content-middle elementor-section-boxed elementor-section-height-default elementor-section-items-middle\" data-id=\"7aecb810\" data-element_type=\"section\" data-settings=\"{&quot;background_background&quot;:&quot;classic&quot;,&quot;_ha_eqh_enable&quot;:false}\">\n\t\t\t\t\t\t<div class=\"elementor-container elementor-column-gap-default\">\n\t\t\t\t\t<div class=\"elementor-column elementor-col-100 elementor-top-column elementor-element elementor-element-5d1e29cf\" data-id=\"5d1e29cf\" data-element_type=\"column\">\n\t\t\t<div class=\"elementor-widget-wrap elementor-element-populated\">\n\t\t\t\t\t\t<div class=\"elementor-element elementor-element-228ed320 elementor-widget elementor-widget-heading\" data-id=\"228ed320\" data-element_type=\"widget\" data-widget_type=\"heading.default\">\n\t\t\t\t<div class=\"elementor-widget-container\">\n\t\t\t\t\t<h2 class=\"elementor-heading-title elementor-size-default\">Our Values<\/h2>\t\t\t\t<\/div>\n\t\t\t\t<\/div>\n\t\t\t\t\t<\/div>\n\t\t<\/div>\n\t\t\t\t\t<\/div>\n\t\t<\/section>\n\t\t\t\t<section class=\"elementor-section elementor-top-section elementor-element elementor-element-6cbbef92 elementor-section-boxed elementor-section-height-default elementor-section-height-default\" data-id=\"6cbbef92\" data-element_type=\"section\" data-settings=\"{&quot;_ha_eqh_enable&quot;:false}\">\n\t\t\t\t\t\t<div class=\"elementor-container elementor-column-gap-default\">\n\t\t\t\t\t<div class=\"elementor-column elementor-col-50 elementor-top-column elementor-element elementor-element-49adb5b9\" data-id=\"49adb5b9\" data-element_type=\"column\">\n\t\t\t<div class=\"elementor-widget-wrap\">\n\t\t\t\t\t\t\t<\/div>\n\t\t<\/div>\n\t\t\t\t<div class=\"elementor-column elementor-col-50 elementor-top-column elementor-element elementor-element-2a47f659\" data-id=\"2a47f659\" data-element_type=\"column\">\n\t\t\t<div class=\"elementor-widget-wrap elementor-element-populated\">\n\t\t\t\t\t\t<div class=\"elementor-element elementor-element-31b1acf6 elementor-widget elementor-widget-heading\" data-id=\"31b1acf6\" data-element_type=\"widget\" data-widget_type=\"heading.default\">\n\t\t\t\t<div class=\"elementor-widget-container\">\n\t\t\t\t\t<h2 class=\"elementor-heading-title elementor-size-default\">CORE VALUES OF AKUT FOUNDATION<\/h2>\t\t\t\t<\/div>\n\t\t\t\t<\/div>\n\t\t\t\t<div class=\"elementor-element elementor-element-4014ccf elementor-widget elementor-widget-heading\" data-id=\"4014ccf\" data-element_type=\"widget\" data-widget_type=\"heading.default\">\n\t\t\t\t<div class=\"elementor-widget-container\">\n\t\t\t\t\t<span class=\"elementor-heading-title elementor-size-default\">1. Volunteering\n<\/span>\t\t\t\t<\/div>\n\t\t\t\t<\/div>\n\t\t\t\t<div class=\"elementor-element elementor-element-75a3432f elementor-widget__width-initial elementor-widget elementor-widget-text-editor\" data-id=\"75a3432f\" data-element_type=\"widget\" data-widget_type=\"text-editor.default\">\n\t\t\t\t<div class=\"elementor-widget-container\">\n\t\t\t\t\t\t\t\t\t<p>With the exception of a few professional managers in managerial positions in financial and administrative affairs, AKUT Foundation continues its existence entirely through the work carried out by volunteers. Our volunteers devote their spare time from their jobs and families to AKUT Foundation and realize many social responsibility projects that add value to our country with their meticulous work that requires great devotion.<\/p>\n\t\t\t\t\t\t\t\t<\/div>\n\t\t\t\t<\/div>\n\t\t\t\t<div class=\"elementor-element elementor-element-25cda39 elementor-widget elementor-widget-heading\" data-id=\"25cda39\" data-element_type=\"widget\" data-widget_type=\"heading.default\">\n\t\t\t\t<div class=\"elementor-widget-container\">\n\t\t\t\t\t<span class=\"elementor-heading-title elementor-size-default\">2. Unconditional Charity\n<\/span>\t\t\t\t<\/div>\n\t\t\t\t<\/div>\n\t\t\t\t<div class=\"elementor-element elementor-element-63aff61 elementor-widget__width-initial elementor-widget elementor-widget-text-editor\" data-id=\"63aff61\" data-element_type=\"widget\" data-widget_type=\"text-editor.default\">\n\t\t\t\t<div class=\"elementor-widget-container\">\n\t\t\t\t\t\t\t\t\t<p>AKUT Foundation volunteers do not expect anything in return for their work. Carries out all its activities with a sense of responsibility towards society. His love for his homeland, humanity, nature and his respect for the right to life are his main motivators.<\/p>\n\t\t\t\t\t\t\t\t<\/div>\n\t\t\t\t<\/div>\n\t\t\t\t<div class=\"elementor-element elementor-element-f7b1c7d elementor-widget elementor-widget-heading\" data-id=\"f7b1c7d\" data-element_type=\"widget\" data-widget_type=\"heading.default\">\n\t\t\t\t<div class=\"elementor-widget-container\">\n\t\t\t\t\t<span class=\"elementor-heading-title elementor-size-default\">3. Valuing Humans and All Living Things\n<\/span>\t\t\t\t<\/div>\n\t\t\t\t<\/div>\n\t\t\t\t<div class=\"elementor-element elementor-element-e5a00b9 elementor-widget__width-initial elementor-widget elementor-widget-text-editor\" data-id=\"e5a00b9\" data-element_type=\"widget\" data-widget_type=\"text-editor.default\">\n\t\t\t\t<div class=\"elementor-widget-container\">\n\t\t\t\t\t\t\t\t\t<p>AKUT Foundation, which is an active defender of the right to life of all living things in the ecosystem, especially &#8220;human beings&#8221;, has adopted the basic philosophy of valuing the lives of living things and protecting people, animals, nature and our world.<\/p>\n\t\t\t\t\t\t\t\t<\/div>\n\t\t\t\t<\/div>\n\t\t\t\t<div class=\"elementor-element elementor-element-12b735c elementor-widget elementor-widget-heading\" data-id=\"12b735c\" data-element_type=\"widget\" data-widget_type=\"heading.default\">\n\t\t\t\t<div class=\"elementor-widget-container\">\n\t\t\t\t\t<span class=\"elementor-heading-title elementor-size-default\">4. Honesty<\/span>\t\t\t\t<\/div>\n\t\t\t\t<\/div>\n\t\t\t\t<div class=\"elementor-element elementor-element-a7b8812 elementor-widget__width-initial elementor-widget elementor-widget-text-editor\" data-id=\"a7b8812\" data-element_type=\"widget\" data-widget_type=\"text-editor.default\">\n\t\t\t\t<div class=\"elementor-widget-container\">\n\t\t\t\t\t\t\t\t\t<p>AKUT Foundation volunteers are honest. He courageously defends the truth at all times and under all circumstances. No concern can be a justification for departing from integrity.<\/p>\n\t\t\t\t\t\t\t\t<\/div>\n\t\t\t\t<\/div>\n\t\t\t\t<div class=\"elementor-element elementor-element-e5244b4 elementor-widget elementor-widget-heading\" data-id=\"e5244b4\" data-element_type=\"widget\" data-widget_type=\"heading.default\">\n\t\t\t\t<div class=\"elementor-widget-container\">\n\t\t\t\t\t<span class=\"elementor-heading-title elementor-size-default\">5. Reliability<\/span>\t\t\t\t<\/div>\n\t\t\t\t<\/div>\n\t\t\t\t<div class=\"elementor-element elementor-element-af3bac6 elementor-widget__width-initial elementor-widget elementor-widget-text-editor\" data-id=\"af3bac6\" data-element_type=\"widget\" data-widget_type=\"text-editor.default\">\n\t\t\t\t<div class=\"elementor-widget-container\">\n\t\t\t\t\t\t\t\t\t<p>AKUT Foundation volunteers are trustworthy. It manages to remain reliable at all times, under all circumstances. It is shown as an example in the society both in terms of its character and the immaculate &#8220;AKUT Foundation&#8221; brand it represents.<\/p>\n\t\t\t\t\t\t\t\t<\/div>\n\t\t\t\t<\/div>\n\t\t\t\t<div class=\"elementor-element elementor-element-2d8e11d elementor-widget elementor-widget-heading\" data-id=\"2d8e11d\" data-element_type=\"widget\" data-widget_type=\"heading.default\">\n\t\t\t\t<div class=\"elementor-widget-container\">\n\t\t\t\t\t<span class=\"elementor-heading-title elementor-size-default\">6. Love of Country<\/span>\t\t\t\t<\/div>\n\t\t\t\t<\/div>\n\t\t\t\t<div class=\"elementor-element elementor-element-d0cd8df elementor-widget__width-initial elementor-widget elementor-widget-text-editor\" data-id=\"d0cd8df\" data-element_type=\"widget\" data-widget_type=\"text-editor.default\">\n\t\t\t\t<div class=\"elementor-widget-container\">\n\t\t\t\t\t\t\t\t\t<p>AKUT Foundation volunteers are full of love for their country. It does not compromise Atat\u00fcrk&#8217;s principles, the Republic and democracy; it is ready to take the initiative with an understanding of &#8220;gratuitous benevolence&#8221; whenever needed, especially in disasters and emergencies.<\/p>\n\t\t\t\t\t\t\t\t<\/div>\n\t\t\t\t<\/div>\n\t\t\t\t\t<\/div>\n\t\t<\/div>\n\t\t\t\t\t<\/div>\n\t\t<\/section>\n\t\t\t\t<\/div>\n\t\t","protected":false},"excerpt":{"rendered":"<p>Tarih\u00e7emiz Ba\u015fkan\u2019\u0131n Mesaj\u0131 Vak\u0131f Senedi Vizyon-Misyon De\u011ferlerimiz Ekibimiz Birimler \u0130dari Kurullar M\u00fctevelli Heyeti \u0130\u015f Birli\u011fi Yap\u0131lan Kurumlar Ba\u011f\u0131\u015f\u00e7\u0131 Beyannamesi S\u0131k\u00e7a Sorulan Sorular CORE VALUES OF AKUT FOUNDATION 1. Volunteering With the exception of a few professional managers in managerial positions in financial and administrative affairs, AKUT Foundation continues its existence entirely through the work carried [&hellip;]<\/p>\n","protected":false},"author":2,"featured_media":0,"parent":2722,"menu_order":0,"comment_status":"closed","ping_status":"closed","template":"","meta":{"_acf_changed":false,"footnotes":""},"class_list":["post-2733","page","type-page","status-publish","hentry"],"acf":[],"_links":{"self":[{"href":"https:\/\/akutvakfi.org.tr\/en\/wp-json\/wp\/v2\/pages\/2733","targetHints":{"allow":["GET"]}}],"collection":[{"href":"https:\/\/akutvakfi.org.tr\/en\/wp-json\/wp\/v2\/pages"}],"about":[{"href":"https:\/\/akutvakfi.org.tr\/en\/wp-json\/wp\/v2\/types\/page"}],"author":[{"embeddable":true,"href":"https:\/\/akutvakfi.org.tr\/en\/wp-json\/wp\/v2\/users\/2"}],"replies":[{"embeddable":true,"href":"https:\/\/akutvakfi.org.tr\/en\/wp-json\/wp\/v2\/comments?post=2733"}],"version-history":[{"count":1,"href":"https:\/\/akutvakfi.org.tr\/en\/wp-json\/wp\/v2\/pages\/2733\/revisions"}],"predecessor-version":[{"id":2734,"href":"https:\/\/akutvakfi.org.tr\/en\/wp-json\/wp\/v2\/pages\/2733\/revisions\/2734"}],"up":[{"embeddable":true,"href":"https:\/\/akutvakfi.org.tr\/en\/wp-json\/wp\/v2\/pages\/2722"}],"wp:attachment":[{"href":"https:\/\/akutvakfi.org.tr\/en\/wp-json\/wp\/v2\/media?parent=2733"}],"curies":[{"name":"wp","href":"https:\/\/api.w.org\/{rel}","templated":true}]}}