{"id":2735,"date":"2022-06-28T14:25:49","date_gmt":"2022-06-28T11:25:49","guid":{"rendered":"https:\/\/akutvakfi.org.tr\/about-us\/administrative-boards\/"},"modified":"2023-02-08T14:47:03","modified_gmt":"2023-02-08T14:47:03","slug":"administrative-boards","status":"publish","type":"page","link":"https:\/\/akutvakfi.org.tr\/en\/about-us\/administrative-boards\/","title":{"rendered":"Administrative Boards"},"content":{"rendered":"\t\t<div data-elementor-type=\"wp-page\" data-elementor-id=\"2735\" class=\"elementor elementor-2735 elementor-525\" data-elementor-settings=\"{&quot;ha_cmc_init_switcher&quot;:&quot;no&quot;}\" data-elementor-post-type=\"page\">\n\t\t\t\t\t\t<section class=\"elementor-section elementor-top-section elementor-element elementor-element-49354f06 elementor-section-height-min-height elementor-section-content-middle elementor-section-boxed elementor-section-height-default elementor-section-items-middle\" data-id=\"49354f06\" data-element_type=\"section\" data-settings=\"{&quot;background_background&quot;:&quot;classic&quot;,&quot;_ha_eqh_enable&quot;:false}\">\n\t\t\t\t\t\t<div class=\"elementor-container elementor-column-gap-default\">\n\t\t\t\t\t<div class=\"elementor-column elementor-col-100 elementor-top-column elementor-element elementor-element-5ff127b0\" data-id=\"5ff127b0\" data-element_type=\"column\">\n\t\t\t<div class=\"elementor-widget-wrap elementor-element-populated\">\n\t\t\t\t\t\t<div class=\"elementor-element elementor-element-6d5a826e elementor-widget elementor-widget-heading\" data-id=\"6d5a826e\" data-element_type=\"widget\" data-widget_type=\"heading.default\">\n\t\t\t\t<div class=\"elementor-widget-container\">\n\t\t\t\t\t<h2 class=\"elementor-heading-title elementor-size-default\">Administrative Boards<\/h2>\t\t\t\t<\/div>\n\t\t\t\t<\/div>\n\t\t\t\t\t<\/div>\n\t\t<\/div>\n\t\t\t\t\t<\/div>\n\t\t<\/section>\n\t\t\t\t<section class=\"elementor-section elementor-top-section elementor-element elementor-element-772ad298 elementor-section-boxed elementor-section-height-default elementor-section-height-default\" data-id=\"772ad298\" data-element_type=\"section\" data-settings=\"{&quot;_ha_eqh_enable&quot;:false}\">\n\t\t\t\t\t\t<div class=\"elementor-container elementor-column-gap-default\">\n\t\t\t\t\t<div class=\"elementor-column elementor-col-50 elementor-top-column elementor-element elementor-element-4e397203\" data-id=\"4e397203\" data-element_type=\"column\">\n\t\t\t<div class=\"elementor-widget-wrap\">\n\t\t\t\t\t\t\t<\/div>\n\t\t<\/div>\n\t\t\t\t<div class=\"elementor-column elementor-col-50 elementor-top-column elementor-element elementor-element-5facda26\" data-id=\"5facda26\" data-element_type=\"column\">\n\t\t\t<div class=\"elementor-widget-wrap elementor-element-populated\">\n\t\t\t\t\t\t<div class=\"elementor-element elementor-element-2009c0ab elementor-widget elementor-widget-heading\" data-id=\"2009c0ab\" data-element_type=\"widget\" data-widget_type=\"heading.default\">\n\t\t\t\t<div class=\"elementor-widget-container\">\n\t\t\t\t\t<h2 class=\"elementor-heading-title elementor-size-default\">AKUT FOUNDATION ADMINISTRATIVE BOARDS<\/h2>\t\t\t\t<\/div>\n\t\t\t\t<\/div>\n\t\t\t\t<div class=\"elementor-element elementor-element-3900f534 elementor-widget__width-initial elementor-widget elementor-widget-text-editor\" data-id=\"3900f534\" data-element_type=\"widget\" data-widget_type=\"text-editor.default\">\n\t\t\t\t<div class=\"elementor-widget-container\">\n\t\t\t\t\t\t\t\t\t<p><span style=\"color: #c3311e; font-weight: 600;\">Board of Directors : <\/span> AKUT Foundation&#8217;s Board of Directors consists of 7 members. Our members of the Board of Directors and their distribution of duties are listed below:<\/p>\n\t\t\t\t\t\t\t\t<\/div>\n\t\t\t\t<\/div>\n\t\t\t\t<div class=\"elementor-element elementor-element-4282866 elementor-widget__width-initial elementor-widget elementor-widget-text-editor\" data-id=\"4282866\" data-element_type=\"widget\" data-widget_type=\"text-editor.default\">\n\t\t\t\t<div class=\"elementor-widget-container\">\n\t\t\t\t\t\t\t\t\t<ol>\n<li>Ali Nasuh MAHRUKI (President)<\/li>\n<li>Saydun G\u00d6K\u015e\u0130N (2nd Chairman)<\/li>\n<li>\u00c7i\u011fdem TAN (Secretary General)<\/li>\n<li>Murat YURDAKAN (Treasurer)<\/li>\n<li>Av. Emir YENER (Legal Officer)<\/li>\n<li>Onur Tevfik OKYAY (Logistics and IT Officer)<\/li>\n<li>Dr. P\u0131nar BEARD (Resource Development Officer)&nbsp;<\/li>\n<\/ol>\t\t\t\t\t\t\t\t<\/div>\n\t\t\t\t<\/div>\n\t\t\t\t<div class=\"elementor-element elementor-element-c280b4b elementor-widget__width-initial elementor-widget elementor-widget-text-editor\" data-id=\"c280b4b\" data-element_type=\"widget\" data-widget_type=\"text-editor.default\">\n\t\t\t\t<div class=\"elementor-widget-container\">\n\t\t\t\t\t\t\t\t\t<p><span style=\"color: #c3311e; font-weight: 600;\">Audit Board : <\/span>AKUT Foundation&#8217;s Audit Board consists of 3 members. Our Audit Board members are listed below:<\/p>\n\t\t\t\t\t\t\t\t<\/div>\n\t\t\t\t<\/div>\n\t\t\t\t<div class=\"elementor-element elementor-element-8711cba elementor-widget__width-initial elementor-widget elementor-widget-text-editor\" data-id=\"8711cba\" data-element_type=\"widget\" data-widget_type=\"text-editor.default\">\n\t\t\t\t<div class=\"elementor-widget-container\">\n\t\t\t\t\t\t\t\t\t<ol>\n<li>Hakan BING\u00d6L<\/li>\n<li>\u00d6mer KARACA<\/li>\n<li>Senol DURMU\u015e<\/li>\n<\/ol>\n\t\t\t\t\t\t\t\t<\/div>\n\t\t\t\t<\/div>\n\t\t\t\t<div class=\"elementor-element elementor-element-6e1305f elementor-widget__width-initial elementor-widget elementor-widget-text-editor\" data-id=\"6e1305f\" data-element_type=\"widget\" data-widget_type=\"text-editor.default\">\n\t\t\t\t<div class=\"elementor-widget-container\">\n\t\t\t\t\t\t\t\t\t<p><span style=\"color: #c3311e; font-weight: 600;\">Disciplinary Board : <\/span>AKUT Foundation&#8217;s Disciplinary Board consists of 3 members. Our Disciplinary Board members are listed below:<\/p>\n\t\t\t\t\t\t\t\t<\/div>\n\t\t\t\t<\/div>\n\t\t\t\t<div class=\"elementor-element elementor-element-a453ca0 elementor-widget__width-initial elementor-widget elementor-widget-text-editor\" data-id=\"a453ca0\" data-element_type=\"widget\" data-widget_type=\"text-editor.default\">\n\t\t\t\t<div class=\"elementor-widget-container\">\n\t\t\t\t\t\t\t\t\t<ol>\n<li>Ebru Atalay ALP<\/li>\n<li>Esin TANRISEVER<\/li>\n<li>Fidan \u00c7EL\u0130K<\/li>\n<\/ol>\n\t\t\t\t\t\t\t\t<\/div>\n\t\t\t\t<\/div>\n\t\t\t\t\t<\/div>\n\t\t<\/div>\n\t\t\t\t\t<\/div>\n\t\t<\/section>\n\t\t\t\t<\/div>\n\t\t","protected":false},"excerpt":{"rendered":"<p>Tarih\u00e7emiz Ba\u015fkan\u2019\u0131n Mesaj\u0131 Vak\u0131f Senedi Vizyon-Misyon De\u011ferlerimiz Ekibimiz Birimler \u0130dari Kurullar M\u00fctevelli Heyeti \u0130\u015f Birli\u011fi Yap\u0131lan Kurumlar Ba\u011f\u0131\u015f\u00e7\u0131 Beyannamesi S\u0131k\u00e7a Sorulan Sorular AKUT FOUNDATION ADMINISTRATIVE BOARDS Board of Directors : AKUT Foundation&#8217;s Board of Directors consists of 7 members. Our members of the Board of Directors and their distribution of duties are listed below: Ali [&hellip;]<\/p>\n","protected":false},"author":2,"featured_media":0,"parent":2722,"menu_order":0,"comment_status":"closed","ping_status":"closed","template":"","meta":{"_acf_changed":false,"footnotes":""},"class_list":["post-2735","page","type-page","status-publish","hentry"],"acf":[],"_links":{"self":[{"href":"https:\/\/akutvakfi.org.tr\/en\/wp-json\/wp\/v2\/pages\/2735","targetHints":{"allow":["GET"]}}],"collection":[{"href":"https:\/\/akutvakfi.org.tr\/en\/wp-json\/wp\/v2\/pages"}],"about":[{"href":"https:\/\/akutvakfi.org.tr\/en\/wp-json\/wp\/v2\/types\/page"}],"author":[{"embeddable":true,"href":"https:\/\/akutvakfi.org.tr\/en\/wp-json\/wp\/v2\/users\/2"}],"replies":[{"embeddable":true,"href":"https:\/\/akutvakfi.org.tr\/en\/wp-json\/wp\/v2\/comments?post=2735"}],"version-history":[{"count":1,"href":"https:\/\/akutvakfi.org.tr\/en\/wp-json\/wp\/v2\/pages\/2735\/revisions"}],"predecessor-version":[{"id":2736,"href":"https:\/\/akutvakfi.org.tr\/en\/wp-json\/wp\/v2\/pages\/2735\/revisions\/2736"}],"up":[{"embeddable":true,"href":"https:\/\/akutvakfi.org.tr\/en\/wp-json\/wp\/v2\/pages\/2722"}],"wp:attachment":[{"href":"https:\/\/akutvakfi.org.tr\/en\/wp-json\/wp\/v2\/media?parent=2735"}],"curies":[{"name":"wp","href":"https:\/\/api.w.org\/{rel}","templated":true}]}}