{"id":2737,"date":"2022-06-28T14:36:15","date_gmt":"2022-06-28T14:36:15","guid":{"rendered":"https:\/\/akutvakfi.org.tr\/about-us\/cooperating-institutions\/"},"modified":"2023-02-08T14:47:59","modified_gmt":"2023-02-08T14:47:59","slug":"cooperating-institutions","status":"publish","type":"page","link":"https:\/\/akutvakfi.org.tr\/en\/about-us\/cooperating-institutions\/","title":{"rendered":"Cooperating Institutions"},"content":{"rendered":"\t\t<div data-elementor-type=\"wp-page\" data-elementor-id=\"2737\" class=\"elementor elementor-2737 elementor-546\" data-elementor-settings=\"{&quot;ha_cmc_init_switcher&quot;:&quot;no&quot;}\" data-elementor-post-type=\"page\">\n\t\t\t\t\t\t<section class=\"elementor-section elementor-top-section elementor-element elementor-element-7246839e elementor-section-height-min-height elementor-section-content-middle elementor-section-boxed elementor-section-height-default elementor-section-items-middle\" data-id=\"7246839e\" data-element_type=\"section\" data-settings=\"{&quot;background_background&quot;:&quot;classic&quot;,&quot;_ha_eqh_enable&quot;:false}\">\n\t\t\t\t\t\t<div class=\"elementor-container elementor-column-gap-default\">\n\t\t\t\t\t<div class=\"elementor-column elementor-col-100 elementor-top-column elementor-element elementor-element-326931cd\" data-id=\"326931cd\" data-element_type=\"column\">\n\t\t\t<div class=\"elementor-widget-wrap elementor-element-populated\">\n\t\t\t\t\t\t<div class=\"elementor-element elementor-element-3a1fc1a6 elementor-widget elementor-widget-heading\" data-id=\"3a1fc1a6\" data-element_type=\"widget\" data-widget_type=\"heading.default\">\n\t\t\t\t<div class=\"elementor-widget-container\">\n\t\t\t\t\t<h2 class=\"elementor-heading-title elementor-size-default\">Cooperating Institutions<\/h2>\t\t\t\t<\/div>\n\t\t\t\t<\/div>\n\t\t\t\t\t<\/div>\n\t\t<\/div>\n\t\t\t\t\t<\/div>\n\t\t<\/section>\n\t\t\t\t<section class=\"elementor-section elementor-top-section elementor-element elementor-element-1f34e9b4 elementor-section-boxed elementor-section-height-default elementor-section-height-default\" data-id=\"1f34e9b4\" data-element_type=\"section\" data-settings=\"{&quot;_ha_eqh_enable&quot;:false}\">\n\t\t\t\t\t\t<div class=\"elementor-container elementor-column-gap-default\">\n\t\t\t\t\t<div class=\"elementor-column elementor-col-50 elementor-top-column elementor-element elementor-element-79780452\" data-id=\"79780452\" data-element_type=\"column\">\n\t\t\t<div class=\"elementor-widget-wrap\">\n\t\t\t\t\t\t\t<\/div>\n\t\t<\/div>\n\t\t\t\t<div class=\"elementor-column elementor-col-50 elementor-top-column elementor-element elementor-element-19fd1fc5\" data-id=\"19fd1fc5\" data-element_type=\"column\">\n\t\t\t<div class=\"elementor-widget-wrap elementor-element-populated\">\n\t\t\t\t\t\t<div class=\"elementor-element elementor-element-6f457916 elementor-widget elementor-widget-heading\" data-id=\"6f457916\" data-element_type=\"widget\" data-widget_type=\"heading.default\">\n\t\t\t\t<div class=\"elementor-widget-container\">\n\t\t\t\t\t<h2 class=\"elementor-heading-title elementor-size-default\">COOPERATING INSTITUTIONS AND ORGANIZATIONS<\/h2>\t\t\t\t<\/div>\n\t\t\t\t<\/div>\n\t\t\t\t<section class=\"elementor-section elementor-inner-section elementor-element elementor-element-39b11c3 elementor-section-boxed elementor-section-height-default elementor-section-height-default\" data-id=\"39b11c3\" data-element_type=\"section\" data-settings=\"{&quot;_ha_eqh_enable&quot;:false}\">\n\t\t\t\t\t\t<div class=\"elementor-container elementor-column-gap-default\">\n\t\t\t\t\t<div class=\"elementor-column elementor-col-50 elementor-inner-column elementor-element elementor-element-8f5b366\" data-id=\"8f5b366\" data-element_type=\"column\">\n\t\t\t<div class=\"elementor-widget-wrap elementor-element-populated\">\n\t\t\t\t\t\t<div class=\"elementor-element elementor-element-5bc8380 elementor-widget elementor-widget-text-editor\" data-id=\"5bc8380\" data-element_type=\"widget\" data-widget_type=\"text-editor.default\">\n\t\t\t\t<div class=\"elementor-widget-container\">\n\t\t\t\t\t\t\t\t\t<p><strong>Republic of Turkey Ministry of Culture and Tourism<\/strong><br \/><a href=\"http:\/\/www.ktb.gov.tr\">www.ktb.gov.tr<\/a><\/p>\n<p><strong>Republic of Turkey Ministry of Interior<\/strong><br \/><a href=\"http:\/\/www.icisleri.gov.tr\">www.icisleri.gov.tr<\/a><\/p>\n<p><strong>Republic of Turkey Ministry of Foreign Affairs<\/strong><br \/><a href=\"http:\/\/www.mfa.gov.tr\">www.mfa.gov.tr<\/a><\/p>\n<p><strong>Republic of Turkey Ministry of Family and Social Services<\/strong><br \/><a href=\"http:\/\/www.aile.gov.tr\">www.aile.gov.tr<\/a><\/p>\n<p><strong>Republic of Turkey Ministry of Agriculture and Forestry<\/strong><br \/><a href=\"http:\/\/www.tarimorman.gov.tr\">www.tarimorman.gov.tr<\/a><\/p>\n<p><strong>Republic of Turkey AFAD Disaster and Emergency Presidency<\/strong><br \/><a href=\"http:\/\/www.afad.gov.tr\">www.afad.gov.tr<\/a><\/p>\n<p><strong>Republic of Turkey Governorship of Istanbul<\/strong><br \/><a href=\"http:\/\/www.istanbul.gov.tr\">www.istanbul.gov.tr<\/a><\/p>\n<p><strong>Republic of Turkey General Directorate of Foundations<\/strong><br \/><a href=\"http:\/\/www.vgm.gov.tr\">www.vgm.gov.tr<\/a><\/p>\n<p><strong>Istanbul Metropolitan Municipality<\/strong><br \/><a href=\"http:\/\/www.ibb.istanbul\">www.ibb.istanbul<\/a><\/p>\n<p><strong>Istanbul Fire Brigade<\/strong><br \/><a href=\"http:\/\/www.itfaiye.ibb.gov.tr\">www.itfaiye.ibb.gov.tr<\/a><\/p>\n<p><strong>Red Crescent<\/strong><br \/><a href=\"https:\/\/www.kizilay.org.tr\/\">www.kizilay.org.tr<\/a><\/p>\n<p><strong>AKOM Disaster Coordination Center-Istanbul <\/strong><br \/><a href=\"https:\/\/akom.ibb.istanbul\/\">www.akom.ibb.istanbul<\/a><\/p><\/p>\n\t\t\t\t\t\t\t\t<\/div>\n\t\t\t\t<\/div>\n\t\t\t\t\t<\/div>\n\t\t<\/div>\n\t\t\t\t<div class=\"elementor-column elementor-col-50 elementor-inner-column elementor-element elementor-element-8be7927\" data-id=\"8be7927\" data-element_type=\"column\">\n\t\t\t<div class=\"elementor-widget-wrap elementor-element-populated\">\n\t\t\t\t\t\t<div class=\"elementor-element elementor-element-3ecdf58 elementor-widget elementor-widget-text-editor\" data-id=\"3ecdf58\" data-element_type=\"widget\" data-widget_type=\"text-editor.default\">\n\t\t\t\t<div class=\"elementor-widget-container\">\n\t\t\t\t\t\t\t\t\t<p><strong>Maltepe Municipality<\/strong><br \/><a href=\"http:\/\/www.maltepe.bel.tr\">www.maltepe.bel.tr<\/a><\/p>\n<p><strong>Esenyurt Municipality<\/strong><br \/><a href=\"http:\/\/www.esenyurt.bel.tr\">www.esenyurt.bel.tr<\/a><\/p>\n<p><strong>Buyukcekmece Municipality<\/strong><br \/><a href=\"http:\/\/www.bcekmece.bel.tr\">www.bcekmece.bel.tr<\/a><\/p>\n<p><strong>Kartal Municipality<\/strong><br \/><a href=\"http:\/\/www.kartal.bel.tr\">www.kartal.bel.tr<\/a><\/p>\n<p><strong>Sisli Municipality<\/strong><br \/><a href=\"http:\/\/www.sisli.bel.tr\">www.sisli.bel.tr<\/a><\/p>\n<p><strong>Turkish Philanthropy Funds<\/strong><br \/><a href=\"http:\/\/www.tpfund.org\">www.tpfund.org<\/a><\/p>\n<p><strong>Platform for the Protection of Children and Their Rights<\/strong><br \/><a href=\"http:\/\/www.cocukhaklarinikorumaplatformu.org\">www.cocukhaklarinikorumaplatformu.org<\/a><\/p>\n<p><strong>Disaster Platform<\/strong><br \/><a href=\"http:\/\/www.afetplatformu.org.tr\">www.afetplatformu.org.tr<\/a><\/p>\n<p><strong>AKUT Sports Club<\/strong><br \/><a href=\"http:\/\/www.akutspor.org.tr\">www.akutspor.org.tr<\/a><\/p>\n<p><strong>Gedik University<br \/><\/strong><a href=\"https:\/\/www.gedik.edu.tr\/\">www.gedik.edu.tr<\/a><strong><br \/><\/strong><\/p>\n<p><strong>AKUT Search and Rescue Association<\/strong><br \/><a href=\"http:\/\/www.akut.org.tr\">www.akut.org.tr<\/a><\/p>\n\t\t\t\t\t\t\t\t<\/div>\n\t\t\t\t<\/div>\n\t\t\t\t\t<\/div>\n\t\t<\/div>\n\t\t\t\t\t<\/div>\n\t\t<\/section>\n\t\t\t\t\t<\/div>\n\t\t<\/div>\n\t\t\t\t\t<\/div>\n\t\t<\/section>\n\t\t\t\t<\/div>\n\t\t","protected":false},"excerpt":{"rendered":"<p>Tarih\u00e7emiz Ba\u015fkan\u2019\u0131n Mesaj\u0131 Vak\u0131f Senedi Vizyon-Misyon De\u011ferlerimiz Ekibimiz Birimler \u0130dari Kurullar M\u00fctevelli Heyeti \u0130\u015f Birli\u011fi Yap\u0131lan Kurumlar Ba\u011f\u0131\u015f\u00e7\u0131 Beyannamesi S\u0131k\u00e7a Sorulan Sorular COOPERATING INSTITUTIONS AND ORGANIZATIONS Republic of Turkey Ministry of Culture and Tourismwww.ktb.gov.tr Republic of Turkey Ministry of Interiorwww.icisleri.gov.tr Republic of Turkey Ministry of Foreign Affairswww.mfa.gov.tr Republic of Turkey Ministry of Family and Social [&hellip;]<\/p>\n","protected":false},"author":2,"featured_media":0,"parent":2722,"menu_order":0,"comment_status":"closed","ping_status":"closed","template":"","meta":{"_acf_changed":false,"footnotes":""},"class_list":["post-2737","page","type-page","status-publish","hentry"],"acf":[],"_links":{"self":[{"href":"https:\/\/akutvakfi.org.tr\/en\/wp-json\/wp\/v2\/pages\/2737","targetHints":{"allow":["GET"]}}],"collection":[{"href":"https:\/\/akutvakfi.org.tr\/en\/wp-json\/wp\/v2\/pages"}],"about":[{"href":"https:\/\/akutvakfi.org.tr\/en\/wp-json\/wp\/v2\/types\/page"}],"author":[{"embeddable":true,"href":"https:\/\/akutvakfi.org.tr\/en\/wp-json\/wp\/v2\/users\/2"}],"replies":[{"embeddable":true,"href":"https:\/\/akutvakfi.org.tr\/en\/wp-json\/wp\/v2\/comments?post=2737"}],"version-history":[{"count":1,"href":"https:\/\/akutvakfi.org.tr\/en\/wp-json\/wp\/v2\/pages\/2737\/revisions"}],"predecessor-version":[{"id":2738,"href":"https:\/\/akutvakfi.org.tr\/en\/wp-json\/wp\/v2\/pages\/2737\/revisions\/2738"}],"up":[{"embeddable":true,"href":"https:\/\/akutvakfi.org.tr\/en\/wp-json\/wp\/v2\/pages\/2722"}],"wp:attachment":[{"href":"https:\/\/akutvakfi.org.tr\/en\/wp-json\/wp\/v2\/media?parent=2737"}],"curies":[{"name":"wp","href":"https:\/\/api.w.org\/{rel}","templated":true}]}}