{"id":2769,"date":"2022-06-28T13:59:37","date_gmt":"2022-06-28T10:59:37","guid":{"rendered":"https:\/\/akutvakfi.org.tr\/about-us\/our-team\/"},"modified":"2024-12-10T11:41:50","modified_gmt":"2024-12-10T08:41:50","slug":"our-team","status":"publish","type":"page","link":"https:\/\/akutvakfi.org.tr\/en\/about-us\/our-team\/","title":{"rendered":"Our Team"},"content":{"rendered":"\t\t<div data-elementor-type=\"wp-page\" data-elementor-id=\"2769\" class=\"elementor elementor-2769 elementor-499\" data-elementor-settings=\"{&quot;ha_cmc_init_switcher&quot;:&quot;no&quot;}\" data-elementor-post-type=\"page\">\n\t\t\t\t\t\t<section class=\"elementor-section elementor-top-section elementor-element elementor-element-50cf89c9 elementor-section-height-min-height elementor-section-content-middle elementor-section-boxed elementor-section-height-default elementor-section-items-middle\" data-id=\"50cf89c9\" data-element_type=\"section\" data-settings=\"{&quot;background_background&quot;:&quot;classic&quot;,&quot;_ha_eqh_enable&quot;:false}\">\n\t\t\t\t\t\t<div class=\"elementor-container elementor-column-gap-default\">\n\t\t\t\t\t<div class=\"elementor-column elementor-col-100 elementor-top-column elementor-element elementor-element-17ef1bb2\" data-id=\"17ef1bb2\" data-element_type=\"column\">\n\t\t\t<div class=\"elementor-widget-wrap elementor-element-populated\">\n\t\t\t\t\t\t<div class=\"elementor-element elementor-element-5be6d457 elementor-widget elementor-widget-heading\" data-id=\"5be6d457\" data-element_type=\"widget\" data-widget_type=\"heading.default\">\n\t\t\t\t<div class=\"elementor-widget-container\">\n\t\t\t\t\t<h2 class=\"elementor-heading-title elementor-size-default\">Our Team<\/h2>\t\t\t\t<\/div>\n\t\t\t\t<\/div>\n\t\t\t\t\t<\/div>\n\t\t<\/div>\n\t\t\t\t\t<\/div>\n\t\t<\/section>\n\t\t\t\t<section class=\"elementor-section elementor-top-section elementor-element elementor-element-2f3426c7 elementor-section-boxed elementor-section-height-default elementor-section-height-default\" data-id=\"2f3426c7\" data-element_type=\"section\" data-settings=\"{&quot;_ha_eqh_enable&quot;:false}\">\n\t\t\t\t\t\t<div class=\"elementor-container elementor-column-gap-default\">\n\t\t\t\t\t<div class=\"elementor-column elementor-col-50 elementor-top-column elementor-element elementor-element-5ac3f840\" data-id=\"5ac3f840\" data-element_type=\"column\">\n\t\t\t<div class=\"elementor-widget-wrap\">\n\t\t\t\t\t\t\t<\/div>\n\t\t<\/div>\n\t\t\t\t<div class=\"elementor-column elementor-col-50 elementor-top-column elementor-element elementor-element-77a45dbc\" data-id=\"77a45dbc\" data-element_type=\"column\">\n\t\t\t<div class=\"elementor-widget-wrap elementor-element-populated\">\n\t\t\t\t\t\t<div class=\"elementor-element elementor-element-27a170cd elementor-widget elementor-widget-heading\" data-id=\"27a170cd\" data-element_type=\"widget\" data-widget_type=\"heading.default\">\n\t\t\t\t<div class=\"elementor-widget-container\">\n\t\t\t\t\t<h2 class=\"elementor-heading-title elementor-size-default\">Our Team<\/h2>\t\t\t\t<\/div>\n\t\t\t\t<\/div>\n\t\t\t\t<div class=\"elementor-element elementor-element-50a74c0a elementor-widget__width-initial elementor-widget elementor-widget-text-editor\" data-id=\"50a74c0a\" data-element_type=\"widget\" data-widget_type=\"text-editor.default\">\n\t\t\t\t<div class=\"elementor-widget-container\">\n\t\t\t\t\t\t\t\t\t<p><span style=\"color: #c3311e; font-weight: 600;\">General Coordinator :<\/span> Cigdem TAN<br \/><span style=\"color: #c3311e; font-weight: 600;\">Information Technologies Unit Responsible :<\/span> Ba\u015far K\u00dc\u00c7\u00dcK<br \/><span style=\"color: #c3311e; font-weight: 600;\">General Manager :<\/span> Dr. Nilay D\u00f6k\u00fcmc\u00fc<br \/><span style=\"color: #c3311e; font-weight: 600;\">Administrative Affairs Assistant :<\/span> Hazal Zeynep Hisarl\u0131<br \/><span style=\"color: #c3311e; font-weight: 600;\">Education Unit Responsible :<\/span> Necati BING\u00d6L<br \/><span style=\"color: #c3311e; font-weight: 600;\">Legal Unit Supervisor:<\/span> Av. Emir YENER<br \/><span style=\"color: #c3311e; font-weight: 600;\">Human Resources Unit Supervisor :<\/span> Cevdet CANBAZ<br \/><span style=\"color: #c3311e; font-weight: 600;\">Resource Development Officer :<\/span> Dr. P\u0131nar BEARD<br \/><span style=\"color: #c3311e; font-weight: 600;\">Corporate Communication Unit Officer :<\/span> Ay\u00e7a \u00d6ZEN<br \/><span style=\"color: #c3311e; font-weight: 600;\">Logistics Warehouse Supervisor :<\/span> Hakan BING\u00d6L<br \/><span style=\"color: #c3311e; font-weight: 600;\">Financial Advisor :<\/span> Leyla BALI<br \/><span style=\"color: #c3311e; font-weight: 600;\">Media Sponsor :<\/span> FASELIS<br \/><span style=\"color: #c3311e; font-weight: 600;\">Technology Sponsor:<\/span> GURUDESK<\/p>\t\t\t\t\t\t\t\t<\/div>\n\t\t\t\t<\/div>\n\t\t\t\t\t<\/div>\n\t\t<\/div>\n\t\t\t\t\t<\/div>\n\t\t<\/section>\n\t\t\t\t<\/div>\n\t\t","protected":false},"excerpt":{"rendered":"<p>General Coordinator : Cigdem TANInformation Technologies Unit Responsible : Ba\u015far K\u00dc\u00c7\u00dcKGeneral Manager : Dr. Nilay D\u00f6k\u00fcmc\u00fcAdministrative Affairs Assistant : Hazal Zeynep Hisarl\u0131Education Unit Responsible : Necati BING\u00d6LLegal Unit Supervisor: Av. Emir YENERHuman Resources Unit Supervisor : Cevdet CANBAZResource Development Officer : Dr. P\u0131nar BEARDCorporate Communication Unit Officer : Ay\u00e7a \u00d6ZENLogistics Warehouse Supervisor : Hakan BING\u00d6LFinancial [&hellip;]<\/p>\n","protected":false},"author":2,"featured_media":0,"parent":2722,"menu_order":0,"comment_status":"closed","ping_status":"closed","template":"","meta":{"_acf_changed":false,"footnotes":""},"class_list":["post-2769","page","type-page","status-publish","hentry"],"acf":[],"_links":{"self":[{"href":"https:\/\/akutvakfi.org.tr\/en\/wp-json\/wp\/v2\/pages\/2769","targetHints":{"allow":["GET"]}}],"collection":[{"href":"https:\/\/akutvakfi.org.tr\/en\/wp-json\/wp\/v2\/pages"}],"about":[{"href":"https:\/\/akutvakfi.org.tr\/en\/wp-json\/wp\/v2\/types\/page"}],"author":[{"embeddable":true,"href":"https:\/\/akutvakfi.org.tr\/en\/wp-json\/wp\/v2\/users\/2"}],"replies":[{"embeddable":true,"href":"https:\/\/akutvakfi.org.tr\/en\/wp-json\/wp\/v2\/comments?post=2769"}],"version-history":[{"count":7,"href":"https:\/\/akutvakfi.org.tr\/en\/wp-json\/wp\/v2\/pages\/2769\/revisions"}],"predecessor-version":[{"id":3862,"href":"https:\/\/akutvakfi.org.tr\/en\/wp-json\/wp\/v2\/pages\/2769\/revisions\/3862"}],"up":[{"embeddable":true,"href":"https:\/\/akutvakfi.org.tr\/en\/wp-json\/wp\/v2\/pages\/2722"}],"wp:attachment":[{"href":"https:\/\/akutvakfi.org.tr\/en\/wp-json\/wp\/v2\/media?parent=2769"}],"curies":[{"name":"wp","href":"https:\/\/api.w.org\/{rel}","templated":true}]}}