{"id":2773,"date":"2022-06-28T14:32:12","date_gmt":"2022-06-28T11:32:12","guid":{"rendered":"https:\/\/akutvakfi.org.tr\/about-us\/board-of-trustees\/"},"modified":"2023-02-08T16:57:31","modified_gmt":"2023-02-08T16:57:31","slug":"board-of-trustees","status":"publish","type":"page","link":"https:\/\/akutvakfi.org.tr\/en\/about-us\/board-of-trustees\/","title":{"rendered":"Board of Trustees"},"content":{"rendered":"\t\t<div data-elementor-type=\"wp-page\" data-elementor-id=\"2773\" class=\"elementor elementor-2773 elementor-540\" data-elementor-settings=\"{&quot;ha_cmc_init_switcher&quot;:&quot;no&quot;}\" data-elementor-post-type=\"page\">\n\t\t\t\t\t\t<section class=\"elementor-section elementor-top-section elementor-element elementor-element-684b001f elementor-section-height-min-height elementor-section-content-middle elementor-section-boxed elementor-section-height-default elementor-section-items-middle\" data-id=\"684b001f\" data-element_type=\"section\" data-settings=\"{&quot;background_background&quot;:&quot;classic&quot;,&quot;_ha_eqh_enable&quot;:false}\">\n\t\t\t\t\t\t<div class=\"elementor-container elementor-column-gap-default\">\n\t\t\t\t\t<div class=\"elementor-column elementor-col-100 elementor-top-column elementor-element elementor-element-147eb665\" data-id=\"147eb665\" data-element_type=\"column\">\n\t\t\t<div class=\"elementor-widget-wrap elementor-element-populated\">\n\t\t\t\t\t\t<div class=\"elementor-element elementor-element-2cd68392 elementor-widget elementor-widget-heading\" data-id=\"2cd68392\" data-element_type=\"widget\" data-widget_type=\"heading.default\">\n\t\t\t\t<div class=\"elementor-widget-container\">\n\t\t\t\t\t<h2 class=\"elementor-heading-title elementor-size-default\">Board of Trustees<\/h2>\t\t\t\t<\/div>\n\t\t\t\t<\/div>\n\t\t\t\t\t<\/div>\n\t\t<\/div>\n\t\t\t\t\t<\/div>\n\t\t<\/section>\n\t\t\t\t<section class=\"elementor-section elementor-top-section elementor-element elementor-element-3c9ccf75 elementor-section-boxed elementor-section-height-default elementor-section-height-default\" data-id=\"3c9ccf75\" data-element_type=\"section\" data-settings=\"{&quot;_ha_eqh_enable&quot;:false}\">\n\t\t\t\t\t\t<div class=\"elementor-container elementor-column-gap-default\">\n\t\t\t\t\t<div class=\"elementor-column elementor-col-50 elementor-top-column elementor-element elementor-element-59c455de\" data-id=\"59c455de\" data-element_type=\"column\">\n\t\t\t<div class=\"elementor-widget-wrap\">\n\t\t\t\t\t\t\t<\/div>\n\t\t<\/div>\n\t\t\t\t<div class=\"elementor-column elementor-col-50 elementor-top-column elementor-element elementor-element-5dcb0e98\" data-id=\"5dcb0e98\" data-element_type=\"column\">\n\t\t\t<div class=\"elementor-widget-wrap elementor-element-populated\">\n\t\t\t\t\t\t<div class=\"elementor-element elementor-element-1f3cc3fb elementor-widget elementor-widget-heading\" data-id=\"1f3cc3fb\" data-element_type=\"widget\" data-widget_type=\"heading.default\">\n\t\t\t\t<div class=\"elementor-widget-container\">\n\t\t\t\t\t<h2 class=\"elementor-heading-title elementor-size-default\">AKUT FOUNDATION BOARD OF TRUSTEES<\/h2>\t\t\t\t<\/div>\n\t\t\t\t<\/div>\n\t\t\t\t<div class=\"elementor-element elementor-element-60f38e4a elementor-widget__width-initial elementor-widget elementor-widget-text-editor\" data-id=\"60f38e4a\" data-element_type=\"widget\" data-widget_type=\"text-editor.default\">\n\t\t\t\t<div class=\"elementor-widget-container\">\n\t\t\t\t\t\t\t\t\t<p>AKUT Foundation&#8217;s Board of Trustees consists of 15 members. AKUT Association, the only legal entity in the Board of Trustees, is represented by the President of the Association.<\/p>\n\t\t\t\t\t\t\t\t<\/div>\n\t\t\t\t<\/div>\n\t\t\t\t<div class=\"elementor-element elementor-element-22f197f elementor-widget__width-initial elementor-widget elementor-widget-text-editor\" data-id=\"22f197f\" data-element_type=\"widget\" data-widget_type=\"text-editor.default\">\n\t\t\t\t<div class=\"elementor-widget-container\">\n\t\t\t\t\t\t\t\t\t<ol>\n<li>AKUT Search and Rescue Association<\/li>\n<li>Ali Nasuh MAHRUKI<\/li>\n<li>C\u00fcneyt KOPARAN<\/li>\n<li>Av. Emir YENER<\/li>\n<li>Av. Etem POSTACIO\u011eLU<\/li>\n<li>Assoc. Dr. Fahri ERENEL<\/li>\n<li>Prof. Dr. Av. Mehmet K\u00d6KSAL<\/li>\n<li>Adam Memet TANRISEVER<\/li>\n<li>\u00d6mer KARACA<\/li>\n<li>Dr. P\u0131nar BEARD<\/li>\n<li>Saydun G\u00d6K\u015e\u0130N<\/li>\n<li>Senol DURMU\u015e<\/li>\n<li>Tolga G\u00d6Z\u00dcM<\/li>\n<li>Yilmaz SEVG\u00dcL<\/li>\n<\/ol>\n\t\t\t\t\t\t\t\t<\/div>\n\t\t\t\t<\/div>\n\t\t\t\t\t<\/div>\n\t\t<\/div>\n\t\t\t\t\t<\/div>\n\t\t<\/section>\n\t\t\t\t<\/div>\n\t\t","protected":false},"excerpt":{"rendered":"<p>Tarih\u00e7emiz Ba\u015fkan\u2019\u0131n Mesaj\u0131 Vak\u0131f Senedi Vizyon-Misyon De\u011ferlerimiz Ekibimiz Birimler \u0130dari Kurullar M\u00fctevelli Heyeti \u0130\u015f Birli\u011fi Yap\u0131lan Kurumlar Ba\u011f\u0131\u015f\u00e7\u0131 Beyannamesi S\u0131k\u00e7a Sorulan Sorular AKUT FOUNDATION BOARD OF TRUSTEES AKUT Foundation&#8217;s Board of Trustees consists of 15 members. AKUT Association, the only legal entity in the Board of Trustees, is represented by the President of the Association. [&hellip;]<\/p>\n","protected":false},"author":2,"featured_media":0,"parent":2722,"menu_order":0,"comment_status":"closed","ping_status":"closed","template":"","meta":{"_acf_changed":false,"footnotes":""},"class_list":["post-2773","page","type-page","status-publish","hentry"],"acf":[],"_links":{"self":[{"href":"https:\/\/akutvakfi.org.tr\/en\/wp-json\/wp\/v2\/pages\/2773","targetHints":{"allow":["GET"]}}],"collection":[{"href":"https:\/\/akutvakfi.org.tr\/en\/wp-json\/wp\/v2\/pages"}],"about":[{"href":"https:\/\/akutvakfi.org.tr\/en\/wp-json\/wp\/v2\/types\/page"}],"author":[{"embeddable":true,"href":"https:\/\/akutvakfi.org.tr\/en\/wp-json\/wp\/v2\/users\/2"}],"replies":[{"embeddable":true,"href":"https:\/\/akutvakfi.org.tr\/en\/wp-json\/wp\/v2\/comments?post=2773"}],"version-history":[{"count":1,"href":"https:\/\/akutvakfi.org.tr\/en\/wp-json\/wp\/v2\/pages\/2773\/revisions"}],"predecessor-version":[{"id":2775,"href":"https:\/\/akutvakfi.org.tr\/en\/wp-json\/wp\/v2\/pages\/2773\/revisions\/2775"}],"up":[{"embeddable":true,"href":"https:\/\/akutvakfi.org.tr\/en\/wp-json\/wp\/v2\/pages\/2722"}],"wp:attachment":[{"href":"https:\/\/akutvakfi.org.tr\/en\/wp-json\/wp\/v2\/media?parent=2773"}],"curies":[{"name":"wp","href":"https:\/\/api.w.org\/{rel}","templated":true}]}}