{"id":2799,"date":"2023-02-08T17:02:15","date_gmt":"2023-02-08T17:02:15","guid":{"rendered":"https:\/\/akutvakfi.org.tr\/?page_id=2799"},"modified":"2023-02-08T17:03:07","modified_gmt":"2023-02-08T17:03:07","slug":"seminars","status":"publish","type":"page","link":"https:\/\/akutvakfi.org.tr\/en\/seminars\/","title":{"rendered":"Seminars"},"content":{"rendered":"\t\t<div data-elementor-type=\"wp-page\" data-elementor-id=\"2799\" class=\"elementor elementor-2799\" data-elementor-settings=\"{&quot;ha_cmc_init_switcher&quot;:&quot;no&quot;}\" data-elementor-post-type=\"page\">\n\t\t\t\t\t\t<section class=\"elementor-section elementor-top-section elementor-element elementor-element-c48e243 elementor-section-height-min-height elementor-section-content-middle elementor-section-boxed elementor-section-height-default elementor-section-items-middle\" data-id=\"c48e243\" data-element_type=\"section\" data-settings=\"{&quot;background_background&quot;:&quot;classic&quot;,&quot;_ha_eqh_enable&quot;:false}\">\n\t\t\t\t\t\t<div class=\"elementor-container elementor-column-gap-default\">\n\t\t\t\t\t<div class=\"elementor-column elementor-col-100 elementor-top-column elementor-element elementor-element-ceed876\" data-id=\"ceed876\" data-element_type=\"column\">\n\t\t\t<div class=\"elementor-widget-wrap elementor-element-populated\">\n\t\t\t\t\t\t<div class=\"elementor-element elementor-element-6d92eac elementor-widget elementor-widget-heading\" data-id=\"6d92eac\" data-element_type=\"widget\" data-widget_type=\"heading.default\">\n\t\t\t\t<div class=\"elementor-widget-container\">\n\t\t\t\t\t<h2 class=\"elementor-heading-title elementor-size-default\">SEMINARS<\/h2>\t\t\t\t<\/div>\n\t\t\t\t<\/div>\n\t\t\t\t\t<\/div>\n\t\t<\/div>\n\t\t\t\t\t<\/div>\n\t\t<\/section>\n\t\t\t\t<section class=\"elementor-section elementor-top-section elementor-element elementor-element-b19dfb2 elementor-section-boxed elementor-section-height-default elementor-section-height-default\" data-id=\"b19dfb2\" data-element_type=\"section\" data-settings=\"{&quot;_ha_eqh_enable&quot;:false}\">\n\t\t\t\t\t\t<div class=\"elementor-container elementor-column-gap-default\">\n\t\t\t\t\t<div class=\"elementor-column elementor-col-50 elementor-top-column elementor-element elementor-element-93ecbeb\" data-id=\"93ecbeb\" data-element_type=\"column\">\n\t\t\t<div class=\"elementor-widget-wrap\">\n\t\t\t\t\t\t\t<\/div>\n\t\t<\/div>\n\t\t\t\t<div class=\"elementor-column elementor-col-50 elementor-top-column elementor-element elementor-element-22f2c40\" data-id=\"22f2c40\" data-element_type=\"column\">\n\t\t\t<div class=\"elementor-widget-wrap elementor-element-populated\">\n\t\t\t\t\t\t<div class=\"elementor-element elementor-element-91cd95a elementor-widget__width-initial elementor-widget elementor-widget-text-editor\" data-id=\"91cd95a\" data-element_type=\"widget\" data-widget_type=\"text-editor.default\">\n\t\t\t\t<div class=\"elementor-widget-container\">\n\t\t\t\t\t\t\t\t\t<p style=\"font-weight: 400;\"><strong>DAKSAR ASSOCIATION SEMINAR (2019)<\/strong><\/p><p style=\"font-weight: 400;\">Our AKUT Foundation Seminar Unit volunteers gave an \u201cEarthquake Awareness\u201d seminar to 31 volunteers of the institution upon the request of the <strong>DAKSAR Marine Search and Rescue<\/strong> non-governmental organization.<\/p><p style=\"font-weight: 400;\"><strong>DAKSAR<\/strong> volunteers have cleared many questions about the scenarios they may encounter, especially in the sea search and rescue works they will carry out immediately after an earthquake.<\/p><p style=\"font-weight: 400;\"><strong>UTOPIA SCHOOLS SEMINAR (2019)<\/strong><\/p><p style=\"font-weight: 400;\">Our AKUT Foundation Seminar Unit volunteers presented the &#8220;<strong>Basic Disaster Awareness<\/strong>&#8221; seminar, which was prepared separately for <strong>primary and secondary education age groups<\/strong>, to students from <strong>Utopia Schools<\/strong>.<\/p><p style=\"font-weight: 400;\"><strong>59 students<\/strong> and <strong>6 teachers<\/strong> participated in this seminar held at <strong>AKUT Foundation Kartal campus<\/strong>.<\/p><p style=\"font-weight: 400;\"><strong>KARTAL MUNICIPALITY SEMINAR (2019)<\/strong><\/p><p style=\"font-weight: 400;\">AKUT Foundation carries out a series of educational activities with <strong>Kartal Municipality<\/strong> within the scope of the joint working protocol signed with <strong>Kartal Municipality in 201<\/strong>8. In this context, our foundation gave disaster awareness seminars to the top managers of <strong>Kartal Municipality<\/strong>.<\/p><p style=\"font-weight: 400;\"><strong>SISLI MUNICIPALITY SEMINAR (2020)<\/strong><\/p><p style=\"font-weight: 400;\">AKUT Foundation carries out various social responsibility activities with <strong>Sisli Municipality<\/strong>. One of these studies is a series of earthquake seminars we have conducted. Two separate &#8220;<strong>Earthquake Seminars<\/strong>&#8221; were given to <strong>300 municipal personnel<\/strong> in two different sessions, within the scope of the seminar, which was <strong>repeated 4 times<\/strong>, at <strong>Sisli Municipality Naz\u0131m Hikmet Culture and Art House<\/strong> by our foundation volunteers.<\/p><p style=\"font-weight: 400;\"><strong>DARUSSAFAKA SCHOOLS SEMINAR (2020)<\/strong><\/p><p style=\"font-weight: 400;\">Our AKUT Foundation Seminar Unit volunteers gave a \u201c<strong>Basic Disaster Awareness Seminar<\/strong>\u201d to <strong>Darussafaka Schools students<\/strong>. <strong>1,400 students<\/strong> and <strong>20 teachers<\/strong> attended the seminar held at <strong>T\u0130M Maslak Show Center<\/strong>.<\/p><p style=\"font-weight: 400;\"><strong>ED\u0130RNE YILDIRIM BEYAZIT ANATOLIAN HIGH SCHOOL SEMINAR (2020)<\/strong><\/p><p style=\"font-weight: 400;\">Our <strong>AKUT Foundation Seminar Unit volunteers<\/strong> gave a &#8220;<strong>Basic Disaster Awareness Seminar<\/strong>&#8221; to <strong>Edirne Y\u0131ld\u0131r\u0131m Beyaz\u0131t Anatolian High School <\/strong>students. <strong>340 students<\/strong> and <strong>8 teachers<\/strong> participated in the seminar held in the conference hall of the school.<\/p><p style=\"font-weight: 400;\"><strong>KALE and DOGANYOL DISTRICT SCHOOLS SEMINAR (2020)<\/strong><\/p><p style=\"font-weight: 400;\">Our AKUT Foundation Seminar Unit volunteers gave &#8220;<strong>Earthquake Seminars<\/strong>&#8221; in all <strong>schools in Kale<\/strong> and <strong>Doganyol districts<\/strong>, which were most affected by the earthquake, following the <strong>6.7 magnitude earthquake in January 2020<\/strong>. With the education offered to all primary and secondary school students in the district, <strong>more than 2,000 children<\/strong>have been reached.<\/p><div id=\"accel-snackbar\" style=\"left: 50%; transform: translate(-50%, 0px); top: 50px;\">\u00a0<\/div>\t\t\t\t\t\t\t\t<\/div>\n\t\t\t\t<\/div>\n\t\t\t\t<div class=\"elementor-element elementor-element-f56c3cc elementor-widget elementor-widget-heading\" data-id=\"f56c3cc\" data-element_type=\"widget\" data-widget_type=\"heading.default\">\n\t\t\t\t<div class=\"elementor-widget-container\">\n\t\t\t\t\t<span class=\"elementor-heading-title elementor-size-default\">AKUT Foundation Corporate Communications<\/span>\t\t\t\t<\/div>\n\t\t\t\t<\/div>\n\t\t\t\t\t<\/div>\n\t\t<\/div>\n\t\t\t\t\t<\/div>\n\t\t<\/section>\n\t\t\t\t<\/div>\n\t\t","protected":false},"excerpt":{"rendered":"<p>SEMINARS DAKSAR ASSOCIATION SEMINAR (2019) Our AKUT Foundation Seminar Unit volunteers gave an \u201cEarthquake Awareness\u201d seminar to 31 volunteers of the institution upon the request of the DAKSAR Marine Search and Rescue non-governmental organization. DAKSAR volunteers have cleared many questions about the scenarios they may encounter, especially in the sea search and rescue works they [&hellip;]<\/p>\n","protected":false},"author":2,"featured_media":0,"parent":0,"menu_order":0,"comment_status":"closed","ping_status":"closed","template":"","meta":{"_acf_changed":false,"footnotes":""},"class_list":["post-2799","page","type-page","status-publish","hentry"],"acf":[],"_links":{"self":[{"href":"https:\/\/akutvakfi.org.tr\/en\/wp-json\/wp\/v2\/pages\/2799","targetHints":{"allow":["GET"]}}],"collection":[{"href":"https:\/\/akutvakfi.org.tr\/en\/wp-json\/wp\/v2\/pages"}],"about":[{"href":"https:\/\/akutvakfi.org.tr\/en\/wp-json\/wp\/v2\/types\/page"}],"author":[{"embeddable":true,"href":"https:\/\/akutvakfi.org.tr\/en\/wp-json\/wp\/v2\/users\/2"}],"replies":[{"embeddable":true,"href":"https:\/\/akutvakfi.org.tr\/en\/wp-json\/wp\/v2\/comments?post=2799"}],"version-history":[{"count":4,"href":"https:\/\/akutvakfi.org.tr\/en\/wp-json\/wp\/v2\/pages\/2799\/revisions"}],"predecessor-version":[{"id":2803,"href":"https:\/\/akutvakfi.org.tr\/en\/wp-json\/wp\/v2\/pages\/2799\/revisions\/2803"}],"wp:attachment":[{"href":"https:\/\/akutvakfi.org.tr\/en\/wp-json\/wp\/v2\/media?parent=2799"}],"curies":[{"name":"wp","href":"https:\/\/api.w.org\/{rel}","templated":true}]}}