{"id":2812,"date":"2023-02-08T17:05:47","date_gmt":"2023-02-08T17:05:47","guid":{"rendered":"https:\/\/akutvakfi.org.tr\/?page_id=2812"},"modified":"2023-02-08T17:06:22","modified_gmt":"2023-02-08T17:06:22","slug":"akut-foundation-certificate-2","status":"publish","type":"page","link":"https:\/\/akutvakfi.org.tr\/en\/akut-foundation-certificate-2\/","title":{"rendered":"AKUT Foundation Certificate"},"content":{"rendered":"\t\t<div data-elementor-type=\"wp-page\" data-elementor-id=\"2812\" class=\"elementor elementor-2812\" data-elementor-settings=\"{&quot;ha_cmc_init_switcher&quot;:&quot;no&quot;}\" data-elementor-post-type=\"page\">\n\t\t\t\t\t\t<section class=\"elementor-section elementor-top-section elementor-element elementor-element-c48e243 elementor-section-height-min-height elementor-section-content-middle elementor-section-boxed elementor-section-height-default elementor-section-items-middle\" data-id=\"c48e243\" data-element_type=\"section\" data-settings=\"{&quot;background_background&quot;:&quot;classic&quot;,&quot;_ha_eqh_enable&quot;:false}\">\n\t\t\t\t\t\t<div class=\"elementor-container elementor-column-gap-default\">\n\t\t\t\t\t<div class=\"elementor-column elementor-col-100 elementor-top-column elementor-element elementor-element-ceed876\" data-id=\"ceed876\" data-element_type=\"column\">\n\t\t\t<div class=\"elementor-widget-wrap elementor-element-populated\">\n\t\t\t\t\t\t<div class=\"elementor-element elementor-element-6d92eac elementor-widget elementor-widget-heading\" data-id=\"6d92eac\" data-element_type=\"widget\" data-widget_type=\"heading.default\">\n\t\t\t\t<div class=\"elementor-widget-container\">\n\t\t\t\t\t<h2 class=\"elementor-heading-title elementor-size-default\">AKUT FOUNDATION CERTIFICATE<\/h2>\t\t\t\t<\/div>\n\t\t\t\t<\/div>\n\t\t\t\t\t<\/div>\n\t\t<\/div>\n\t\t\t\t\t<\/div>\n\t\t<\/section>\n\t\t\t\t<section class=\"elementor-section elementor-top-section elementor-element elementor-element-b19dfb2 elementor-section-boxed elementor-section-height-default elementor-section-height-default\" data-id=\"b19dfb2\" data-element_type=\"section\" data-settings=\"{&quot;_ha_eqh_enable&quot;:false}\">\n\t\t\t\t\t\t<div class=\"elementor-container elementor-column-gap-default\">\n\t\t\t\t\t<div class=\"elementor-column elementor-col-50 elementor-top-column elementor-element elementor-element-93ecbeb\" data-id=\"93ecbeb\" data-element_type=\"column\">\n\t\t\t<div class=\"elementor-widget-wrap\">\n\t\t\t\t\t\t\t<\/div>\n\t\t<\/div>\n\t\t\t\t<div class=\"elementor-column elementor-col-50 elementor-top-column elementor-element elementor-element-22f2c40\" data-id=\"22f2c40\" data-element_type=\"column\">\n\t\t\t<div class=\"elementor-widget-wrap elementor-element-populated\">\n\t\t\t\t\t\t<div class=\"elementor-element elementor-element-91cd95a elementor-widget__width-initial elementor-widget elementor-widget-text-editor\" data-id=\"91cd95a\" data-element_type=\"widget\" data-widget_type=\"text-editor.default\">\n\t\t\t\t<div class=\"elementor-widget-container\">\n\t\t\t\t\t\t\t\t\t<p style=\"font-weight: 400;\"><strong>NAME OF THE FOUNDATION<\/strong><strong><br \/><\/strong><br \/>Article 1-<br \/><br \/>The name of the foundation is <strong>AKUT FOUNDATION<\/strong>.<br \/><br \/>In this official deed, it will be called as \u201c<strong>the<\/strong> <strong>foundation<\/strong>\u201d.<br \/><br \/><strong>HEADQUARTERS OF THE FOUNDATION:<br \/><\/strong><br \/>Article 2-<br \/><br \/>The head office of the foundation is in the <strong>SISLI district of ISTANBUL<\/strong>, and its address is <strong>Ergenekon Mahallesi, Cumhuriyet Caddesi, It\u0131r Apartman\u0131, No 179, Kat 1, Daire 1, 34373, Pangalt\u0131 \u015ei\u015fli \u0130stanbul<\/strong>.<br \/><br \/>The foundation may open branches and\/or representative offices in the country and abroad with the decision of the foundation board of directors within the framework of the relevant legislation.<br \/><br \/><strong>PURPOSE OF THE FOUNDATION:<br \/><br \/><\/strong><\/p><p style=\"font-weight: 400;\">Article 3-<br \/><br \/><strong>Working<\/strong> <strong>voluntarily<\/strong> in <strong>nature sports<\/strong>, <strong>natural disasters<\/strong> and other incidents and accidents that require <strong>search and rescue<\/strong>, effective search and rescue activities, and making arrangements to receive and evaluate the notifications made for accident and\/or missing persons as soon as possible in the country and abroad. Establishing the communication chain that will initiate the search and rescue operation with the notification received, identifying, training or training the trained and certified, suitably talented team members who can participate in the <strong>Search and Rescue operation<\/strong>, ensuring that the team gathers as soon as possible and arrives at the scene, to carry out effective search and rescue studies and to provide the most suitable conditions. is to create.<br \/><br \/><strong>To achieve the Foundation&#8217;s Objectives;<br \/><\/strong><br \/><strong>To provide training and seminars<\/strong> on <strong>first aid\/search and rescue, extreme sports, alternative sports<\/strong> and other issues to foundation members and volunteers, and to public and private institutions and organizations, educational institutions and individuals, apart from members upon request, and to cooperate and provide consultancy services with real and legal persons abroad, foundations, associations, public institutions and organizations and non-governmental organizations, if legal permission is obtained, AKUT Foundation, AKUT Search and Rescue Association, AKUT Search and Rescue Association Sports Club. To provide financial, logistical or technical contribution to the expenses arising from search and rescue and all the activities specified in the statutes of the AKUT Search and Rescue Association and all organizations to be established by the AKUT Search and Rescue Association and AKUT Foundation in the future, and to provide services in this regard by cooperating in line with its objectives, and to provide income to the foundation. companies, Emergency Management and Search and Rescue Provided that necessary permissions are obtained from the competent authorities in order to carry out studies that set standards on related issues, provide certified and non-certified trainings, and provide consultancy and auditing services; Establishing institutes and training centers.<br \/><br \/>With the responsibility and awareness of being one of the most effective and powerful non-governmental organizations in Turkey, in order to protect and protect all the qualities, concepts and values \u200b\u200bdefined in <strong>T.R.\u2019s Constitution<\/strong>, to assist the main purposes and duties of the State, and to support the issues determined and protected by the laws in force, In addition to search and rescue works, which are the subject of our country, all kinds of social, cultural and societal issues such as sports, environment and nature, which he sees in our country; One of the main purposes of the <strong>AKUT Foundation<\/strong> is to organize meetings, symposiums, conversations, marches, events, signature campaigns, preparation of books, brochures and similar publications, and fundraising campaigns, creating public awareness, raising public awareness and similar activities.<br \/><br \/><strong>The mission of the AKUT Foundation;<br \/><\/strong>The mission of AKUT Search and Rescue Association; \u201cTo reach people in a difficult situation as soon as possible with an amateur work and a professional approach, completely voluntarily, in case of disappearances and accident events that occur in mountain and natural conditions, natural disasters such as earthquakes, floods and major accidents.<br \/><br \/>To create the most suitable conditions for assistance, to carry out correct and safe search and rescue work, to provide basic first aid support to the victims and to ensure their transfer to safe environment conditions.<br \/><br \/>The <strong>main purpose<\/strong> of the <strong>AKUT Foundation<\/strong> is to support the efforts to minimize the loss of life in such incidents and to inform the society about search and rescue issues.<br \/><br \/>The <strong>values<\/strong> \u200b\u200bof the <strong>AKUT Foundation<\/strong>; volunteerism, gratuitous benevolence, valuing the lives of human beings and other natural beings, honesty, reliability.<br \/><br \/><strong>AKUT FOUNDATION<\/strong> does not deal with politics, the purpose of the Foundation cannot be contrary to the aims of any official institution and\/or organization.<br \/><br \/><strong>VOLUNTEERING<br \/><\/strong><br \/>Article 4-<br \/><br \/>Members of the Foundation are not accepted, volunteers are accepted. Upon the application of the person, the Human Resources Volunteer evaluates the information in the entry notification and registers it in the Volunteer system.<br \/><br \/>Volunteer; He is the person who accepts all the conditions in the foundation deed, benefits from his voluntary rights and can assume all kinds of obligations to be assigned by the Board of Directors and the heads of the relevant units.<br \/><br \/>Volunteer; Provided that it contains the necessary conditions and excluding the organs specified in the AKUT Foundation deed, it supports the AKUT Search and Rescue Association.<br \/><br \/>Volunteer&#8217;s obligations; to participate in the work units, activities and trainings created or to be established, to spend the necessary effort in accordance with the vision and mission of the Foundation&#8217;s purpose and service issues, and to maintain the positive image of the association in the society.<\/p><div id=\"accel-snackbar\" style=\"left: 50%; transform: translate(-50%, 0px); top: 50px;\">\u00a0<\/div>\t\t\t\t\t\t\t\t<\/div>\n\t\t\t\t<\/div>\n\t\t\t\t<div class=\"elementor-element elementor-element-f56c3cc elementor-widget elementor-widget-heading\" data-id=\"f56c3cc\" data-element_type=\"widget\" data-widget_type=\"heading.default\">\n\t\t\t\t<div class=\"elementor-widget-container\">\n\t\t\t\t\t<span class=\"elementor-heading-title elementor-size-default\">AKUT Foundation Corporate Communications<\/span>\t\t\t\t<\/div>\n\t\t\t\t<\/div>\n\t\t\t\t\t<\/div>\n\t\t<\/div>\n\t\t\t\t\t<\/div>\n\t\t<\/section>\n\t\t\t\t<\/div>\n\t\t","protected":false},"excerpt":{"rendered":"<p>AKUT FOUNDATION CERTIFICATE NAME OF THE FOUNDATIONArticle 1- The name of the foundation is AKUT FOUNDATION. In this official deed, it will be called as \u201cthe foundation\u201d. HEADQUARTERS OF THE FOUNDATION:Article 2- The head office of the foundation is in the SISLI district of ISTANBUL, and its address is Ergenekon Mahallesi, Cumhuriyet Caddesi, It\u0131r Apartman\u0131, [&hellip;]<\/p>\n","protected":false},"author":2,"featured_media":0,"parent":0,"menu_order":0,"comment_status":"closed","ping_status":"closed","template":"","meta":{"_acf_changed":false,"footnotes":""},"class_list":["post-2812","page","type-page","status-publish","hentry"],"acf":[],"_links":{"self":[{"href":"https:\/\/akutvakfi.org.tr\/en\/wp-json\/wp\/v2\/pages\/2812","targetHints":{"allow":["GET"]}}],"collection":[{"href":"https:\/\/akutvakfi.org.tr\/en\/wp-json\/wp\/v2\/pages"}],"about":[{"href":"https:\/\/akutvakfi.org.tr\/en\/wp-json\/wp\/v2\/types\/page"}],"author":[{"embeddable":true,"href":"https:\/\/akutvakfi.org.tr\/en\/wp-json\/wp\/v2\/users\/2"}],"replies":[{"embeddable":true,"href":"https:\/\/akutvakfi.org.tr\/en\/wp-json\/wp\/v2\/comments?post=2812"}],"version-history":[{"count":4,"href":"https:\/\/akutvakfi.org.tr\/en\/wp-json\/wp\/v2\/pages\/2812\/revisions"}],"predecessor-version":[{"id":2816,"href":"https:\/\/akutvakfi.org.tr\/en\/wp-json\/wp\/v2\/pages\/2812\/revisions\/2816"}],"wp:attachment":[{"href":"https:\/\/akutvakfi.org.tr\/en\/wp-json\/wp\/v2\/media?parent=2812"}],"curies":[{"name":"wp","href":"https:\/\/api.w.org\/{rel}","templated":true}]}}